{"id":276,"date":"2020-11-02T16:29:03","date_gmt":"2020-11-02T16:29:03","guid":{"rendered":"http:\/\/shaggy-dragon-8bnfu6rvzn.ploi.sh\/?page_id=276"},"modified":"2020-11-02T16:29:57","modified_gmt":"2020-11-02T16:29:57","slug":"fulfilment","status":"publish","type":"page","link":"https:\/\/abonnementenbeheer.nl\/de\/fulfilment\/","title":{"rendered":"Erf\u00fcllung"},"content":{"rendered":"<div data-elementor-type=\"wp-page\" data-elementor-id=\"276\" class=\"elementor elementor-276\" data-elementor-post-type=\"page\">\n\t\t\t\t\t\t<section class=\"elementor-section elementor-top-section elementor-element elementor-element-36c6edb elementor-section-full_width elementor-section-height-min-height elementor-section-height-default elementor-section-items-middle\" data-id=\"36c6edb\" data-element_type=\"section\" data-e-type=\"section\" data-settings=\"{&quot;background_background&quot;:&quot;classic&quot;}\">\n\t\t\t\t\t\t<div class=\"elementor-container elementor-column-gap-default\">\n\t\t\t\t\t<div class=\"elementor-column elementor-col-100 elementor-top-column elementor-element elementor-element-a9aa9ec\" data-id=\"a9aa9ec\" data-element_type=\"column\" data-e-type=\"column\">\n\t\t\t<div class=\"elementor-widget-wrap elementor-element-populated\">\n\t\t\t\t\t\t<div class=\"elementor-element elementor-element-6463b31 elementor-widget elementor-widget-text-editor\" data-id=\"6463b31\" data-element_type=\"widget\" data-e-type=\"widget\" data-widget_type=\"text-editor.default\">\n\t\t\t\t<div class=\"elementor-widget-container\">\n\t\t\t\t\t\t\t\t\t<h1 class=\"page-title\">Erf\u00fcllung<\/h1>\t\t\t\t\t\t\t\t<\/div>\n\t\t\t\t<\/div>\n\t\t\t\t\t<\/div>\n\t\t<\/div>\n\t\t\t\t\t<\/div>\n\t\t<\/section>\n\t\t\t\t<section class=\"elementor-section elementor-top-section elementor-element elementor-element-acd34cb elementor-section-boxed elementor-section-height-default elementor-section-height-default\" data-id=\"acd34cb\" data-element_type=\"section\" data-e-type=\"section\">\n\t\t\t\t\t\t<div class=\"elementor-container elementor-column-gap-default\">\n\t\t\t\t\t<div class=\"elementor-column elementor-col-100 elementor-top-column elementor-element elementor-element-7a72367\" data-id=\"7a72367\" data-element_type=\"column\" data-e-type=\"column\">\n\t\t\t<div class=\"elementor-widget-wrap elementor-element-populated\">\n\t\t\t\t\t\t<div class=\"elementor-element elementor-element-87bbdaa elementor-widget elementor-widget-text-editor\" data-id=\"87bbdaa\" data-element_type=\"widget\" data-e-type=\"widget\" data-widget_type=\"text-editor.default\">\n\t\t\t\t<div class=\"elementor-widget-container\">\n\t\t\t\t\t\t\t\t\t<h2>Der Unterschied zwischen einem zufriedenen und einem unzufriedenen Kunden<\/h2><p>Bearbeitung von Bestellungen aus Ihrem Webshop, Verfolgung des Lagerbestands, rechtzeitige Lieferung der bestellten Artikel, Zahlungsabwicklung, Beantwortung von Fragen von Kunden und Abonnenten per Telefon und E-Mail, Versand von Pr\u00e4mien, Weiterleitung bereits ver\u00f6ffentlichter Ausgaben, Austausch und erneutes Senden von Artikeln; Dies sind alles sehr zeitkritische und arbeitsintensive Angelegenheiten.<\/p><p>All dies macht den Unterschied zwischen einem zufriedenen und einem unzufriedenen Kunden aus.<\/p><h2>Alles unter einem Dach: kurze Schlangen und schnelles Umschalten<\/h2><p>Bei Subscriptions Land wissen wir das wie kein anderer. Aus diesem Grund bietet Subscription Land nicht nur die Verwaltung von Abonnements, sondern auch die Erf\u00fcllung f\u00fcr seine Kunden. Der Kundenservice steht t\u00e4glich in Kontakt mit den Besuchern Ihres Webshops und Ihren Abonnenten. Der gro\u00dfe Vorteil ist, dass Kundenservice, Lagerung und Erf\u00fcllung bei Subscriptionsland unter einem Dach erfolgen. Dadurch sind die Leitungen kurz und k\u00f6nnen schnell umgeschaltet werden.<\/p><p>Durch die gegenseitige Befruchtung zwischen Kundenservice und Fulfillment wissen die Mitarbeiter beider Abteilungen, was mit Kunden und Abonnenten los ist.<\/p><p>Auftragsabwicklung, Lagerverwaltung, Vertrieb und Rechnungsstellung werden von Thor verwaltet, der Subscription Land f\u00fcr die Verlagsbranche entwickelt hat. Thor hat alle f\u00fcr den E-Commerce, das Abonnementmanagement und den Vertrieb von physischen und digitalen Artikeln erforderlichen Dinge integriert.<\/p>\t\t\t\t\t\t\t\t<\/div>\n\t\t\t\t<\/div>\n\t\t\t\t\t<\/div>\n\t\t<\/div>\n\t\t\t\t\t<\/div>\n\t\t<\/section>\n\t\t\t\t<\/div>","protected":false},"excerpt":{"rendered":"<p>Fulfilment Het verschil tussen een tevreden en een ontevreden klant Verwerking van bestellingen uit uw webshop, bijhouden van de voorraad, tijdige uitlevering van de bestelde artikelen, betalingsverwerking, telefonisch en per email vragen beantwoorden van klanten en abonnees, premiums verzenden, nazenden van reeds verschenen edities, omruilen en opnieuw verzenden van artikelen; het zijn allemaal bijzonder tijd-kritische [&hellip;]<\/p>\n","protected":false},"author":4,"featured_media":0,"parent":0,"menu_order":0,"comment_status":"closed","ping_status":"closed","template":"elementor_header_footer","meta":{"footnotes":""},"class_list":["post-276","page","type-page","status-publish","hentry"],"yoast_head":"<!-- This site is optimized with the Yoast SEO plugin v27.1.1 - https:\/\/yoast.com\/product\/yoast-seo-wordpress\/ -->\n<title>Fulfilment - Abonnementenbeheer<\/title>\n<meta name=\"robots\" content=\"index, follow, max-snippet:-1, max-image-preview:large, max-video-preview:-1\" \/>\n<link rel=\"canonical\" href=\"https:\/\/abonnementenbeheer.nl\/de\/fulfilment\/\" \/>\n<meta property=\"og:locale\" content=\"de_DE\" \/>\n<meta property=\"og:type\" content=\"article\" \/>\n<meta property=\"og:title\" content=\"Fulfilment - Abonnementenbeheer\" \/>\n<meta property=\"og:description\" content=\"Fulfilment Het verschil tussen een tevreden en een ontevreden klant Verwerking van bestellingen uit uw webshop, bijhouden van de voorraad, tijdige uitlevering van de bestelde artikelen, betalingsverwerking, telefonisch en per email vragen beantwoorden van klanten en abonnees, premiums verzenden, nazenden van reeds verschenen edities, omruilen en opnieuw verzenden van artikelen; het zijn allemaal bijzonder tijd-kritische [&hellip;]\" \/>\n<meta property=\"og:url\" content=\"https:\/\/abonnementenbeheer.nl\/de\/fulfilment\/\" \/>\n<meta property=\"og:site_name\" content=\"Abonnementenbeheer\" \/>\n<meta property=\"article:modified_time\" content=\"2020-11-02T16:29:57+00:00\" \/>\n<meta name=\"twitter:card\" content=\"summary_large_image\" \/>\n<meta name=\"twitter:label1\" content=\"Gesch\u00e4tzte Lesezeit\" \/>\n\t<meta name=\"twitter:data1\" content=\"1\u00a0Minute\" \/>\n<script type=\"application\/ld+json\" class=\"yoast-schema-graph\">{\"@context\":\"https:\/\/schema.org\",\"@graph\":[{\"@type\":\"WebPage\",\"@id\":\"https:\/\/abonnementenbeheer.nl\/fr\/fulfilment\/\",\"url\":\"https:\/\/abonnementenbeheer.nl\/fr\/fulfilment\/\",\"name\":\"Fulfilment - Abonnementenbeheer\",\"isPartOf\":{\"@id\":\"https:\/\/abonnementenbeheer.nl\/de\/#website\"},\"datePublished\":\"2020-11-02T16:29:03+00:00\",\"dateModified\":\"2020-11-02T16:29:57+00:00\",\"breadcrumb\":{\"@id\":\"https:\/\/abonnementenbeheer.nl\/fr\/fulfilment\/#breadcrumb\"},\"inLanguage\":\"de\",\"potentialAction\":[{\"@type\":\"ReadAction\",\"target\":[\"https:\/\/abonnementenbeheer.nl\/fr\/fulfilment\/\"]}]},{\"@type\":\"BreadcrumbList\",\"@id\":\"https:\/\/abonnementenbeheer.nl\/fr\/fulfilment\/#breadcrumb\",\"itemListElement\":[{\"@type\":\"ListItem\",\"position\":1,\"name\":\"Home\",\"item\":\"https:\/\/abonnementenbeheer.nl\/\"},{\"@type\":\"ListItem\",\"position\":2,\"name\":\"Fulfilment\"}]},{\"@type\":\"WebSite\",\"@id\":\"https:\/\/abonnementenbeheer.nl\/de\/#website\",\"url\":\"https:\/\/abonnementenbeheer.nl\/de\/\",\"name\":\"Abonnementenland\",\"description\":\"Verder in abonnementenbeheer &amp; -marketing\",\"publisher\":{\"@id\":\"https:\/\/abonnementenbeheer.nl\/de\/#organization\"},\"potentialAction\":[{\"@type\":\"SearchAction\",\"target\":{\"@type\":\"EntryPoint\",\"urlTemplate\":\"https:\/\/abonnementenbeheer.nl\/de\/?s={search_term_string}\"},\"query-input\":{\"@type\":\"PropertyValueSpecification\",\"valueRequired\":true,\"valueName\":\"search_term_string\"}}],\"inLanguage\":\"de\"},{\"@type\":\"Organization\",\"@id\":\"https:\/\/abonnementenbeheer.nl\/de\/#organization\",\"name\":\"Abonnementenland\",\"url\":\"https:\/\/abonnementenbeheer.nl\/de\/\",\"logo\":{\"@type\":\"ImageObject\",\"inLanguage\":\"de\",\"@id\":\"https:\/\/abonnementenbeheer.nl\/de\/#\/schema\/logo\/image\/\",\"url\":\"http:\/\/abonnementenbeheer.nl\/wp-content\/uploads\/2020\/11\/image008-1.jpg\",\"contentUrl\":\"http:\/\/abonnementenbeheer.nl\/wp-content\/uploads\/2020\/11\/image008-1.jpg\",\"width\":540,\"height\":267,\"caption\":\"Abonnementenland\"},\"image\":{\"@id\":\"https:\/\/abonnementenbeheer.nl\/de\/#\/schema\/logo\/image\/\"}}]}<\/script>\n<!-- \/ Yoast SEO plugin. -->","yoast_head_json":{"title":"Fulfilment - Abonnementenbeheer","robots":{"index":"index","follow":"follow","max-snippet":"max-snippet:-1","max-image-preview":"max-image-preview:large","max-video-preview":"max-video-preview:-1"},"canonical":"https:\/\/abonnementenbeheer.nl\/de\/fulfilment\/","og_locale":"de_DE","og_type":"article","og_title":"Fulfilment - Abonnementenbeheer","og_description":"Fulfilment Het verschil tussen een tevreden en een ontevreden klant Verwerking van bestellingen uit uw webshop, bijhouden van de voorraad, tijdige uitlevering van de bestelde artikelen, betalingsverwerking, telefonisch en per email vragen beantwoorden van klanten en abonnees, premiums verzenden, nazenden van reeds verschenen edities, omruilen en opnieuw verzenden van artikelen; het zijn allemaal bijzonder tijd-kritische [&hellip;]","og_url":"https:\/\/abonnementenbeheer.nl\/de\/fulfilment\/","og_site_name":"Abonnementenbeheer","article_modified_time":"2020-11-02T16:29:57+00:00","twitter_card":"summary_large_image","twitter_misc":{"Gesch\u00e4tzte Lesezeit":"1\u00a0Minute"},"schema":{"@context":"https:\/\/schema.org","@graph":[{"@type":"WebPage","@id":"https:\/\/abonnementenbeheer.nl\/fr\/fulfilment\/","url":"https:\/\/abonnementenbeheer.nl\/fr\/fulfilment\/","name":"Fulfilment - Abonnementenbeheer","isPartOf":{"@id":"https:\/\/abonnementenbeheer.nl\/de\/#website"},"datePublished":"2020-11-02T16:29:03+00:00","dateModified":"2020-11-02T16:29:57+00:00","breadcrumb":{"@id":"https:\/\/abonnementenbeheer.nl\/fr\/fulfilment\/#breadcrumb"},"inLanguage":"de","potentialAction":[{"@type":"ReadAction","target":["https:\/\/abonnementenbeheer.nl\/fr\/fulfilment\/"]}]},{"@type":"BreadcrumbList","@id":"https:\/\/abonnementenbeheer.nl\/fr\/fulfilment\/#breadcrumb","itemListElement":[{"@type":"ListItem","position":1,"name":"Home","item":"https:\/\/abonnementenbeheer.nl\/"},{"@type":"ListItem","position":2,"name":"Fulfilment"}]},{"@type":"WebSite","@id":"https:\/\/abonnementenbeheer.nl\/de\/#website","url":"https:\/\/abonnementenbeheer.nl\/de\/","name":"Abonnementenland","description":"Verder in abonnementenbeheer &amp; -marketing","publisher":{"@id":"https:\/\/abonnementenbeheer.nl\/de\/#organization"},"potentialAction":[{"@type":"SearchAction","target":{"@type":"EntryPoint","urlTemplate":"https:\/\/abonnementenbeheer.nl\/de\/?s={search_term_string}"},"query-input":{"@type":"PropertyValueSpecification","valueRequired":true,"valueName":"search_term_string"}}],"inLanguage":"de"},{"@type":"Organization","@id":"https:\/\/abonnementenbeheer.nl\/de\/#organization","name":"Abonnementenland","url":"https:\/\/abonnementenbeheer.nl\/de\/","logo":{"@type":"ImageObject","inLanguage":"de","@id":"https:\/\/abonnementenbeheer.nl\/de\/#\/schema\/logo\/image\/","url":"http:\/\/abonnementenbeheer.nl\/wp-content\/uploads\/2020\/11\/image008-1.jpg","contentUrl":"http:\/\/abonnementenbeheer.nl\/wp-content\/uploads\/2020\/11\/image008-1.jpg","width":540,"height":267,"caption":"Abonnementenland"},"image":{"@id":"https:\/\/abonnementenbeheer.nl\/de\/#\/schema\/logo\/image\/"}}]}},"_links":{"self":[{"href":"https:\/\/abonnementenbeheer.nl\/de\/wp-json\/wp\/v2\/pages\/276","targetHints":{"allow":["GET"]}}],"collection":[{"href":"https:\/\/abonnementenbeheer.nl\/de\/wp-json\/wp\/v2\/pages"}],"about":[{"href":"https:\/\/abonnementenbeheer.nl\/de\/wp-json\/wp\/v2\/types\/page"}],"author":[{"embeddable":true,"href":"https:\/\/abonnementenbeheer.nl\/de\/wp-json\/wp\/v2\/users\/4"}],"replies":[{"embeddable":true,"href":"https:\/\/abonnementenbeheer.nl\/de\/wp-json\/wp\/v2\/comments?post=276"}],"version-history":[{"count":0,"href":"https:\/\/abonnementenbeheer.nl\/de\/wp-json\/wp\/v2\/pages\/276\/revisions"}],"wp:attachment":[{"href":"https:\/\/abonnementenbeheer.nl\/de\/wp-json\/wp\/v2\/media?parent=276"}],"curies":[{"name":"wp","href":"https:\/\/api.w.org\/{rel}","templated":true}]}}