{"id":329,"date":"2020-11-02T17:30:55","date_gmt":"2020-11-02T17:30:55","guid":{"rendered":"http:\/\/shaggy-dragon-8bnfu6rvzn.ploi.sh\/?page_id=329"},"modified":"2024-02-05T11:44:14","modified_gmt":"2024-02-05T11:44:14","slug":"vacatures","status":"publish","type":"page","link":"https:\/\/abonnementenbeheer.nl\/de\/vacatures\/","title":{"rendered":"Stellenangebote"},"content":{"rendered":"\t\t<div data-elementor-type=\"wp-page\" data-elementor-id=\"329\" class=\"elementor elementor-329\" data-elementor-post-type=\"page\">\n\t\t\t\t\t\t<section class=\"elementor-section elementor-top-section elementor-element elementor-element-36c6edb elementor-section-full_width elementor-section-height-min-height elementor-section-height-default elementor-section-items-middle\" data-id=\"36c6edb\" data-element_type=\"section\" data-e-type=\"section\" data-settings=\"{&quot;background_background&quot;:&quot;classic&quot;}\">\n\t\t\t\t\t\t<div class=\"elementor-container elementor-column-gap-default\">\n\t\t\t\t\t<div class=\"elementor-column elementor-col-100 elementor-top-column elementor-element elementor-element-a9aa9ec\" data-id=\"a9aa9ec\" data-element_type=\"column\" data-e-type=\"column\">\n\t\t\t<div class=\"elementor-widget-wrap elementor-element-populated\">\n\t\t\t\t\t\t<div class=\"elementor-element elementor-element-6463b31 elementor-widget elementor-widget-text-editor\" data-id=\"6463b31\" data-element_type=\"widget\" data-e-type=\"widget\" data-widget_type=\"text-editor.default\">\n\t\t\t\t<div class=\"elementor-widget-container\">\n\t\t\t\t\t\t\t\t\t<h1 class=\"page-title\">Vacatures<\/h1><p>Klik op \u00e9\u00e9n van de onderstaande vacatures voor meer informatie<\/p>\t\t\t\t\t\t\t\t<\/div>\n\t\t\t\t<\/div>\n\t\t\t\t\t<\/div>\n\t\t<\/div>\n\t\t\t\t\t<\/div>\n\t\t<\/section>\n\t\t\t\t<section class=\"elementor-section elementor-top-section elementor-element elementor-element-acd34cb elementor-section-boxed elementor-section-height-default elementor-section-height-default\" data-id=\"acd34cb\" data-element_type=\"section\" data-e-type=\"section\">\n\t\t\t\t\t\t<div class=\"elementor-container elementor-column-gap-default\">\n\t\t\t\t\t<div class=\"elementor-column elementor-col-100 elementor-top-column elementor-element elementor-element-7a72367\" data-id=\"7a72367\" data-element_type=\"column\" data-e-type=\"column\" data-settings=\"{&quot;background_background&quot;:&quot;classic&quot;}\">\n\t\t\t<div class=\"elementor-widget-wrap elementor-element-populated\">\n\t\t\t\t\t\t<div class=\"elementor-element elementor-element-9319693 elementor-widget elementor-widget-heading\" data-id=\"9319693\" data-element_type=\"widget\" data-e-type=\"widget\" data-widget_type=\"heading.default\">\n\t\t\t\t<div class=\"elementor-widget-container\">\n\t\t\t\t\t<h2 class=\"elementor-heading-title elementor-size-default\">Vacatures<\/h2>\t\t\t\t<\/div>\n\t\t\t\t<\/div>\n\t\t\t\t<div class=\"elementor-element elementor-element-94fcfae elementor-widget elementor-widget-text-editor\" data-id=\"94fcfae\" data-element_type=\"widget\" data-e-type=\"widget\" data-widget_type=\"text-editor.default\">\n\t\t\t\t<div class=\"elementor-widget-container\">\n\t\t\t\t\t\t\t\t\tKlik op \u00e9\u00e9n van de onderstaande vacatures voor meer informatie.\t\t\t\t\t\t\t\t<\/div>\n\t\t\t\t<\/div>\n\t\t\t\t<div class=\"elementor-element elementor-element-7e2d11c elementor-grid-1 elementor-grid-tablet-2 elementor-grid-mobile-1 elementor-widget elementor-widget-loop-grid\" data-id=\"7e2d11c\" data-element_type=\"widget\" data-e-type=\"widget\" data-settings=\"{&quot;template_id&quot;:&quot;963&quot;,&quot;columns&quot;:1,&quot;pagination_type&quot;:&quot;prev_next&quot;,&quot;_skin&quot;:&quot;post&quot;,&quot;columns_tablet&quot;:&quot;2&quot;,&quot;columns_mobile&quot;:&quot;1&quot;,&quot;edit_handle_selector&quot;:&quot;[data-elementor-type=\\&quot;loop-item\\&quot;]&quot;,&quot;pagination_load_type&quot;:&quot;page_reload&quot;,&quot;row_gap&quot;:{&quot;unit&quot;:&quot;px&quot;,&quot;size&quot;:&quot;&quot;,&quot;sizes&quot;:[]},&quot;row_gap_tablet&quot;:{&quot;unit&quot;:&quot;px&quot;,&quot;size&quot;:&quot;&quot;,&quot;sizes&quot;:[]},&quot;row_gap_mobile&quot;:{&quot;unit&quot;:&quot;px&quot;,&quot;size&quot;:&quot;&quot;,&quot;sizes&quot;:[]}}\" data-widget_type=\"loop-grid.post\">\n\t\t\t\t<div class=\"elementor-widget-container\">\n\t\t\t\t\t\t\t<div class=\"elementor-loop-container elementor-grid\" role=\"list\">\n\t\t<style id=\"loop-963\">.elementor-963 .elementor-element.elementor-element-95eef25 > .elementor-element-populated{margin:0px 0px 0px 0px;--e-column-margin-right:0px;--e-column-margin-left:0px;padding:0px 0px 0px 0px;}.elementor-widget-divider{--divider-color:var( --e-global-color-secondary );}.elementor-widget-divider .elementor-divider__text{color:var( --e-global-color-secondary );font-family:var( --e-global-typography-secondary-font-family ), Sans-serif;font-weight:var( --e-global-typography-secondary-font-weight );}.elementor-widget-divider.elementor-view-stacked .elementor-icon{background-color:var( --e-global-color-secondary );}.elementor-widget-divider.elementor-view-framed .elementor-icon, .elementor-widget-divider.elementor-view-default .elementor-icon{color:var( --e-global-color-secondary );border-color:var( --e-global-color-secondary );}.elementor-widget-divider.elementor-view-framed .elementor-icon, .elementor-widget-divider.elementor-view-default .elementor-icon svg{fill:var( --e-global-color-secondary );}.elementor-963 .elementor-element.elementor-element-12963e8{--divider-border-style:solid;--divider-color:#7A7A7A;--divider-border-width:1px;}.elementor-963 .elementor-element.elementor-element-12963e8 .elementor-divider-separator{width:100%;}.elementor-963 .elementor-element.elementor-element-12963e8 .elementor-divider{padding-block-start:10px;padding-block-end:10px;}.elementor-widget-heading .elementor-heading-title{font-family:var( --e-global-typography-primary-font-family ), Sans-serif;font-weight:var( --e-global-typography-primary-font-weight );color:var( --e-global-color-primary );}.elementor-963 .elementor-element.elementor-element-8a27e38 .elementor-heading-title{color:#00A17A;}.elementor-widget-theme-post-excerpt .elementor-widget-container{font-family:var( --e-global-typography-text-font-family ), Sans-serif;font-weight:var( --e-global-typography-text-font-weight );color:var( --e-global-color-text );}.elementor-963 .elementor-element.elementor-element-c2afefc .elementor-widget-container{color:#7A7A7A;}.elementor-widget-button .elementor-button{font-family:var( --e-global-typography-accent-font-family ), Sans-serif;font-weight:var( --e-global-typography-accent-font-weight );background-color:var( --e-global-color-accent );}.elementor-963 .elementor-element.elementor-element-0fe4e3e .elementor-button{background-color:#00A17A;}.elementor-963 .elementor-element.elementor-element-edba8a4{--divider-border-style:solid;--divider-color:#7A7A7A;--divider-border-width:1px;}.elementor-963 .elementor-element.elementor-element-edba8a4 .elementor-divider-separator{width:100%;}.elementor-963 .elementor-element.elementor-element-edba8a4 .elementor-divider{padding-block-start:10px;padding-block-end:10px;}<\/style>\t\t<div data-elementor-type=\"loop-item\" data-elementor-id=\"963\" class=\"elementor elementor-963 e-loop-item e-loop-item-1096 post-1096 post type-post status-publish format-standard hentry category-vacatures\" data-elementor-post-type=\"elementor_library\" data-custom-edit-handle=\"1\">\n\t\t\t\t\t<section class=\"elementor-section elementor-top-section elementor-element elementor-element-9489b6f elementor-section-boxed elementor-section-height-default elementor-section-height-default\" data-id=\"9489b6f\" data-element_type=\"section\" data-e-type=\"section\">\n\t\t\t\t\t\t<div class=\"elementor-container elementor-column-gap-default\">\n\t\t\t\t\t<div class=\"elementor-column elementor-col-100 elementor-top-column elementor-element elementor-element-95eef25\" data-id=\"95eef25\" data-element_type=\"column\" data-e-type=\"column\">\n\t\t\t<div class=\"elementor-widget-wrap elementor-element-populated\">\n\t\t\t\t\t\t<div class=\"elementor-element elementor-element-12963e8 elementor-widget-divider--view-line elementor-widget elementor-widget-divider\" data-id=\"12963e8\" data-element_type=\"widget\" data-e-type=\"widget\" data-widget_type=\"divider.default\">\n\t\t\t\t<div class=\"elementor-widget-container\">\n\t\t\t\t\t\t\t<div class=\"elementor-divider\">\n\t\t\t<span class=\"elementor-divider-separator\">\n\t\t\t\t\t\t<\/span>\n\t\t<\/div>\n\t\t\t\t\t\t<\/div>\n\t\t\t\t<\/div>\n\t\t\t\t<div class=\"elementor-element elementor-element-8a27e38 elementor-widget elementor-widget-heading\" data-id=\"8a27e38\" data-element_type=\"widget\" data-e-type=\"widget\" data-widget_type=\"heading.default\">\n\t\t\t\t<div class=\"elementor-widget-container\">\n\t\t\t\t\t<h2 class=\"elementor-heading-title elementor-size-default\"><a href=\"https:\/\/abonnementenbeheer.nl\/de\/klantenservice-medewerker-32-uur-per-week\/\">Klantenservice Medewerker (32 uur per week)<\/a><\/h2>\t\t\t\t<\/div>\n\t\t\t\t<\/div>\n\t\t\t\t<div class=\"elementor-element elementor-element-c2afefc elementor-widget elementor-widget-theme-post-excerpt\" data-id=\"c2afefc\" data-element_type=\"widget\" data-e-type=\"widget\" data-widget_type=\"theme-post-excerpt.default\">\n\t\t\t\t<div class=\"elementor-widget-container\">\n\t\t\t\t\tAbonnementenland\r\nAbonnementenland is een facilitair bedrijf gericht op uitgeverijen. Wij zijn gevestigd op het duurzame industrieterrein De Trompet, langs de A9 in Heemskerk. Abonnementenland onderhoudt en beheert abonneebestanden van ruim 500 gedrukt en digitale week- en maandbladen, ontwikkelt homeshop toepassingen voor deze opdrachtgevers en verzorgt de verzending van tijdschriften, cd\u2019s, cursussen, boeken en naslagwerken. Daarnaast houdt Abonnementenland zich bezig met de begeleiding en uitvoering van marketing- en mediaprojecten in het oplagetraject van zowel vak- als publiekstijdschriften.\r\n\r\nDe ca. 40 medewerkers van Abonnementenland zijn op zoek naar een nieuwe collega voor de functie van: Financieel Administratief Medewerk(st)er\t\t\t\t<\/div>\n\t\t\t\t<\/div>\n\t\t\t\t<div class=\"elementor-element elementor-element-0fe4e3e elementor-widget elementor-widget-button\" data-id=\"0fe4e3e\" data-element_type=\"widget\" data-e-type=\"widget\" data-widget_type=\"button.default\">\n\t\t\t\t<div class=\"elementor-widget-container\">\n\t\t\t\t\t\t\t\t\t<div class=\"elementor-button-wrapper\">\n\t\t\t\t\t<a class=\"elementor-button elementor-button-link elementor-size-sm\" href=\"https:\/\/abonnementenbeheer.nl\/de\/klantenservice-medewerker-32-uur-per-week\/\" target=\"_blank\">\n\t\t\t\t\t\t<span class=\"elementor-button-content-wrapper\">\n\t\t\t\t\t\t\t\t\t<span class=\"elementor-button-text\">Klik hier voor meer informatie<\/span>\n\t\t\t\t\t<\/span>\n\t\t\t\t\t<\/a>\n\t\t\t\t<\/div>\n\t\t\t\t\t\t\t\t<\/div>\n\t\t\t\t<\/div>\n\t\t\t\t<div class=\"elementor-element elementor-element-edba8a4 elementor-widget-divider--view-line elementor-widget elementor-widget-divider\" data-id=\"edba8a4\" data-element_type=\"widget\" data-e-type=\"widget\" data-widget_type=\"divider.default\">\n\t\t\t\t<div class=\"elementor-widget-container\">\n\t\t\t\t\t\t\t<div class=\"elementor-divider\">\n\t\t\t<span class=\"elementor-divider-separator\">\n\t\t\t\t\t\t<\/span>\n\t\t<\/div>\n\t\t\t\t\t\t<\/div>\n\t\t\t\t<\/div>\n\t\t\t\t\t<\/div>\n\t\t<\/div>\n\t\t\t\t\t<\/div>\n\t\t<\/section>\n\t\t\t\t<\/div>\n\t\t\t\t<\/div>\n\t\t\n\t\t\t\t\t\t<\/div>\n\t\t\t\t<\/div>\n\t\t\t\t\t<\/div>\n\t\t<\/div>\n\t\t\t\t\t<\/div>\n\t\t<\/section>\n\t\t\t\t<\/div>\n\t\t","protected":false},"excerpt":{"rendered":"<p>Vacatures Klik op \u00e9\u00e9n van de onderstaande vacatures voor meer informatie Vacatures Klik op \u00e9\u00e9n van de onderstaande vacatures voor meer informatie.<\/p>","protected":false},"author":4,"featured_media":0,"parent":0,"menu_order":0,"comment_status":"closed","ping_status":"closed","template":"elementor_header_footer","meta":{"footnotes":""},"class_list":["post-329","page","type-page","status-publish","hentry"],"yoast_head":"<!-- This site is optimized with the Yoast SEO plugin v27.1.1 - https:\/\/yoast.com\/product\/yoast-seo-wordpress\/ -->\n<title>Vacatures - Abonnementenbeheer<\/title>\n<meta name=\"robots\" content=\"index, follow, max-snippet:-1, max-image-preview:large, max-video-preview:-1\" \/>\n<link rel=\"canonical\" href=\"https:\/\/abonnementenbeheer.nl\/de\/vacatures\/\" \/>\n<meta property=\"og:locale\" content=\"de_DE\" \/>\n<meta property=\"og:type\" content=\"article\" \/>\n<meta property=\"og:title\" content=\"Vacatures - Abonnementenbeheer\" \/>\n<meta property=\"og:description\" content=\"Vacatures Klik op \u00e9\u00e9n van de onderstaande vacatures voor meer informatie Vacatures Klik op \u00e9\u00e9n van de onderstaande vacatures voor meer informatie.\" \/>\n<meta property=\"og:url\" content=\"https:\/\/abonnementenbeheer.nl\/de\/vacatures\/\" \/>\n<meta property=\"og:site_name\" content=\"Abonnementenbeheer\" \/>\n<meta property=\"article:modified_time\" content=\"2024-02-05T11:44:14+00:00\" \/>\n<meta name=\"twitter:card\" content=\"summary_large_image\" \/>\n<meta name=\"twitter:label1\" content=\"Gesch\u00e4tzte Lesezeit\" \/>\n\t<meta name=\"twitter:data1\" content=\"2\u00a0Minuten\" \/>\n<script type=\"application\/ld+json\" class=\"yoast-schema-graph\">{\"@context\":\"https:\/\/schema.org\",\"@graph\":[{\"@type\":\"WebPage\",\"@id\":\"https:\/\/abonnementenbeheer.nl\/nl\/vacatures\/\",\"url\":\"https:\/\/abonnementenbeheer.nl\/nl\/vacatures\/\",\"name\":\"Vacatures - Abonnementenbeheer\",\"isPartOf\":{\"@id\":\"https:\/\/abonnementenbeheer.nl\/de\/#website\"},\"datePublished\":\"2020-11-02T17:30:55+00:00\",\"dateModified\":\"2024-02-05T11:44:14+00:00\",\"breadcrumb\":{\"@id\":\"https:\/\/abonnementenbeheer.nl\/nl\/vacatures\/#breadcrumb\"},\"inLanguage\":\"de\",\"potentialAction\":[{\"@type\":\"ReadAction\",\"target\":[\"https:\/\/abonnementenbeheer.nl\/nl\/vacatures\/\"]}]},{\"@type\":\"BreadcrumbList\",\"@id\":\"https:\/\/abonnementenbeheer.nl\/nl\/vacatures\/#breadcrumb\",\"itemListElement\":[{\"@type\":\"ListItem\",\"position\":1,\"name\":\"Home\",\"item\":\"https:\/\/abonnementenbeheer.nl\/\"},{\"@type\":\"ListItem\",\"position\":2,\"name\":\"Vacatures\"}]},{\"@type\":\"WebSite\",\"@id\":\"https:\/\/abonnementenbeheer.nl\/de\/#website\",\"url\":\"https:\/\/abonnementenbeheer.nl\/de\/\",\"name\":\"Abonnementenland\",\"description\":\"Verder in abonnementenbeheer &amp; -marketing\",\"publisher\":{\"@id\":\"https:\/\/abonnementenbeheer.nl\/de\/#organization\"},\"potentialAction\":[{\"@type\":\"SearchAction\",\"target\":{\"@type\":\"EntryPoint\",\"urlTemplate\":\"https:\/\/abonnementenbeheer.nl\/de\/?s={search_term_string}\"},\"query-input\":{\"@type\":\"PropertyValueSpecification\",\"valueRequired\":true,\"valueName\":\"search_term_string\"}}],\"inLanguage\":\"de\"},{\"@type\":\"Organization\",\"@id\":\"https:\/\/abonnementenbeheer.nl\/de\/#organization\",\"name\":\"Abonnementenland\",\"url\":\"https:\/\/abonnementenbeheer.nl\/de\/\",\"logo\":{\"@type\":\"ImageObject\",\"inLanguage\":\"de\",\"@id\":\"https:\/\/abonnementenbeheer.nl\/de\/#\/schema\/logo\/image\/\",\"url\":\"http:\/\/abonnementenbeheer.nl\/wp-content\/uploads\/2020\/11\/image008-1.jpg\",\"contentUrl\":\"http:\/\/abonnementenbeheer.nl\/wp-content\/uploads\/2020\/11\/image008-1.jpg\",\"width\":540,\"height\":267,\"caption\":\"Abonnementenland\"},\"image\":{\"@id\":\"https:\/\/abonnementenbeheer.nl\/de\/#\/schema\/logo\/image\/\"}}]}<\/script>\n<!-- \/ Yoast SEO plugin. -->","yoast_head_json":{"title":"Vacatures - Abonnementenbeheer","robots":{"index":"index","follow":"follow","max-snippet":"max-snippet:-1","max-image-preview":"max-image-preview:large","max-video-preview":"max-video-preview:-1"},"canonical":"https:\/\/abonnementenbeheer.nl\/de\/vacatures\/","og_locale":"de_DE","og_type":"article","og_title":"Vacatures - Abonnementenbeheer","og_description":"Vacatures Klik op \u00e9\u00e9n van de onderstaande vacatures voor meer informatie Vacatures Klik op \u00e9\u00e9n van de onderstaande vacatures voor meer informatie.","og_url":"https:\/\/abonnementenbeheer.nl\/de\/vacatures\/","og_site_name":"Abonnementenbeheer","article_modified_time":"2024-02-05T11:44:14+00:00","twitter_card":"summary_large_image","twitter_misc":{"Gesch\u00e4tzte Lesezeit":"2\u00a0Minuten"},"schema":{"@context":"https:\/\/schema.org","@graph":[{"@type":"WebPage","@id":"https:\/\/abonnementenbeheer.nl\/nl\/vacatures\/","url":"https:\/\/abonnementenbeheer.nl\/nl\/vacatures\/","name":"Vacatures - Abonnementenbeheer","isPartOf":{"@id":"https:\/\/abonnementenbeheer.nl\/de\/#website"},"datePublished":"2020-11-02T17:30:55+00:00","dateModified":"2024-02-05T11:44:14+00:00","breadcrumb":{"@id":"https:\/\/abonnementenbeheer.nl\/nl\/vacatures\/#breadcrumb"},"inLanguage":"de","potentialAction":[{"@type":"ReadAction","target":["https:\/\/abonnementenbeheer.nl\/nl\/vacatures\/"]}]},{"@type":"BreadcrumbList","@id":"https:\/\/abonnementenbeheer.nl\/nl\/vacatures\/#breadcrumb","itemListElement":[{"@type":"ListItem","position":1,"name":"Home","item":"https:\/\/abonnementenbeheer.nl\/"},{"@type":"ListItem","position":2,"name":"Vacatures"}]},{"@type":"WebSite","@id":"https:\/\/abonnementenbeheer.nl\/de\/#website","url":"https:\/\/abonnementenbeheer.nl\/de\/","name":"Abonnementenland","description":"Verder in abonnementenbeheer &amp; -marketing","publisher":{"@id":"https:\/\/abonnementenbeheer.nl\/de\/#organization"},"potentialAction":[{"@type":"SearchAction","target":{"@type":"EntryPoint","urlTemplate":"https:\/\/abonnementenbeheer.nl\/de\/?s={search_term_string}"},"query-input":{"@type":"PropertyValueSpecification","valueRequired":true,"valueName":"search_term_string"}}],"inLanguage":"de"},{"@type":"Organization","@id":"https:\/\/abonnementenbeheer.nl\/de\/#organization","name":"Abonnementenland","url":"https:\/\/abonnementenbeheer.nl\/de\/","logo":{"@type":"ImageObject","inLanguage":"de","@id":"https:\/\/abonnementenbeheer.nl\/de\/#\/schema\/logo\/image\/","url":"http:\/\/abonnementenbeheer.nl\/wp-content\/uploads\/2020\/11\/image008-1.jpg","contentUrl":"http:\/\/abonnementenbeheer.nl\/wp-content\/uploads\/2020\/11\/image008-1.jpg","width":540,"height":267,"caption":"Abonnementenland"},"image":{"@id":"https:\/\/abonnementenbeheer.nl\/de\/#\/schema\/logo\/image\/"}}]}},"_links":{"self":[{"href":"https:\/\/abonnementenbeheer.nl\/de\/wp-json\/wp\/v2\/pages\/329","targetHints":{"allow":["GET"]}}],"collection":[{"href":"https:\/\/abonnementenbeheer.nl\/de\/wp-json\/wp\/v2\/pages"}],"about":[{"href":"https:\/\/abonnementenbeheer.nl\/de\/wp-json\/wp\/v2\/types\/page"}],"author":[{"embeddable":true,"href":"https:\/\/abonnementenbeheer.nl\/de\/wp-json\/wp\/v2\/users\/4"}],"replies":[{"embeddable":true,"href":"https:\/\/abonnementenbeheer.nl\/de\/wp-json\/wp\/v2\/comments?post=329"}],"version-history":[{"count":0,"href":"https:\/\/abonnementenbeheer.nl\/de\/wp-json\/wp\/v2\/pages\/329\/revisions"}],"wp:attachment":[{"href":"https:\/\/abonnementenbeheer.nl\/de\/wp-json\/wp\/v2\/media?parent=329"}],"curies":[{"name":"wp","href":"https:\/\/api.w.org\/{rel}","templated":true}]}}