{"id":180,"date":"2020-11-02T15:16:37","date_gmt":"2020-11-02T15:16:37","guid":{"rendered":"http:\/\/shaggy-dragon-8bnfu6rvzn.ploi.sh\/?page_id=180"},"modified":"2023-10-04T09:21:10","modified_gmt":"2023-10-04T09:21:10","slug":"abonnementenbeheer","status":"publish","type":"page","link":"https:\/\/abonnementenbeheer.nl\/fr\/abonnementenbeheer\/","title":{"rendered":"Gestion des abonnements"},"content":{"rendered":"<div data-elementor-type=\"wp-page\" data-elementor-id=\"180\" class=\"elementor elementor-180\" data-elementor-post-type=\"page\">\n\t\t\t\t\t\t<section class=\"elementor-section elementor-top-section elementor-element elementor-element-36c6edb elementor-section-full_width elementor-section-height-min-height elementor-section-height-default elementor-section-items-middle\" data-id=\"36c6edb\" data-element_type=\"section\" data-e-type=\"section\" data-settings=\"{&quot;background_background&quot;:&quot;classic&quot;}\">\n\t\t\t\t\t\t<div class=\"elementor-container elementor-column-gap-default\">\n\t\t\t\t\t<div class=\"elementor-column elementor-col-100 elementor-top-column elementor-element elementor-element-a9aa9ec\" data-id=\"a9aa9ec\" data-element_type=\"column\" data-e-type=\"column\">\n\t\t\t<div class=\"elementor-widget-wrap elementor-element-populated\">\n\t\t\t\t\t\t<div class=\"elementor-element elementor-element-6463b31 elementor-widget elementor-widget-text-editor\" data-id=\"6463b31\" data-element_type=\"widget\" data-e-type=\"widget\" data-widget_type=\"text-editor.default\">\n\t\t\t\t<div class=\"elementor-widget-container\">\n\t\t\t\t\t\t\t\t\t<h1 class=\"page-title\">Gestion des abonnements<\/h1><h4>\u00c9galement dans la gestion des abonnements et le marketing<\/h4><p>\u00a0<\/p>\t\t\t\t\t\t\t\t<\/div>\n\t\t\t\t<\/div>\n\t\t\t\t\t<\/div>\n\t\t<\/div>\n\t\t\t\t\t<\/div>\n\t\t<\/section>\n\t\t\t\t<section class=\"elementor-section elementor-top-section elementor-element elementor-element-acd34cb elementor-section-boxed elementor-section-height-default elementor-section-height-default\" data-id=\"acd34cb\" data-element_type=\"section\" data-e-type=\"section\">\n\t\t\t\t\t\t<div class=\"elementor-container elementor-column-gap-default\">\n\t\t\t\t\t<div class=\"elementor-column elementor-col-100 elementor-top-column elementor-element elementor-element-7a72367\" data-id=\"7a72367\" data-element_type=\"column\" data-e-type=\"column\">\n\t\t\t<div class=\"elementor-widget-wrap elementor-element-populated\">\n\t\t\t\t\t\t<div class=\"elementor-element elementor-element-87bbdaa elementor-widget elementor-widget-text-editor\" data-id=\"87bbdaa\" data-element_type=\"widget\" data-e-type=\"widget\" data-widget_type=\"text-editor.default\">\n\t\t\t\t<div class=\"elementor-widget-container\">\n\t\t\t\t\t\t\t\t\t<p>Avec une large gamme de services de gestion et de campagnes d\u2019acquisitions, Pays d\u2019Abonnements est depuis de nombreuses ann\u00e9es un des meilleurs prestataires de services de son secteur. Pays d\u2019Abonnements a concentr\u00e9 ses services aux questions et besoins du secteur de l\u2019\u00e9dition. Les associations trouvent \u00e9galement des solutions aupr\u00e8s de Pays d\u2019Abonnements.<\/p><p>Notre ambition est de pouvoir offrir aujourd&#039;hui \u00e0 nos clients ce dont ils ont besoin demain. C&#039;est pourquoi nous vous offrons plus que la s\u00e9curit\u00e9, l&#039;efficacit\u00e9 et la commodit\u00e9. Nous fournissons \u00e9galement la cr\u00e9ativit\u00e9 et les innovations qui peuvent vous aider \u00e0 r\u00e9aliser vos ambitions.<\/p><p><strong>Un partenaire de gestion d&#039;abonnement qui parle ma langue?<\/strong><\/p><p>Existe-t-il alors? Supposons que vous soyez un \u00e9diteur d&#039;une s\u00e9rie de beaux magazines. En version imprim\u00e9e ou num\u00e9rique. Et vous en avez assez que la gestion de vos abonnements se fasse \u00abcomme \u00e7a\u00bb. Par exemple, parce que vous ne disposez pas r\u00e9ellement des personnes et des ressources n\u00e9cessaires. Ou parce que l&#039;externalisation ne pouvait pas vous offrir ce que vous attendiez d&#039;elle. Souvent en raison de contacts existants avec un imprimeur ou un distributeur qui &quot;pourrait s&#039;occuper de l&#039;administration de votre abonnement&quot;. Aucune offense, mais c&#039;est comme \u00e7a que \u00e7a se passe souvent. Ensuite, vous pouvez lire ici que cela peut \u00e9galement \u00eatre fait diff\u00e9remment. Et les quelque 300 clients de notre client\u00e8le avec plus de 600 produits d&#039;\u00e9dition sont heureux de le confirmer.<\/p><p>Notre atout ne comprend qu&#039;un seul concept: le professionnalisme. Subscriptionsland se concentre depuis des ann\u00e9es enti\u00e8rement sur la configuration, la gestion et la gestion des fichiers d&#039;abonnement. Les services et produits que nous proposons sont donc toujours li\u00e9s \u00e0 vos besoins dans ce domaine.<\/p><p>Bovendien is onze manier van werken gevormd en gescherpt in de uitgeverijwereld zelf. U hebt dus een deskundige en betrokken gesprekspartner aan uw zijde die uw belangen en wensen kent en onderkent. Kortom: een partner die uw taal spreekt! Als dat u aanspreekt, is een afspraak vanzelfsprekend snel gemaakt.<\/p><p><em>Subscriptionsland est la seule entreprise de toute taille dont l&#039;activit\u00e9 principale est la gestion des abonnements. Subscription Land est ind\u00e9pendant et n&#039;est en aucun cas affili\u00e9 \u00e0 une maison d&#039;\u00e9dition, une imprimerie ou une maison de publipostage ayant d&#039;autres activit\u00e9s comme c\u0153ur de m\u00e9tier.<\/em><\/p>\t\t\t\t\t\t\t\t<\/div>\n\t\t\t\t<\/div>\n\t\t\t\t<div class=\"elementor-element elementor-element-44fde37 elementor-widget elementor-widget-text-editor\" data-id=\"44fde37\" data-element_type=\"widget\" data-e-type=\"widget\" data-widget_type=\"text-editor.default\">\n\t\t\t\t<div class=\"elementor-widget-container\">\n\t\t\t\t\t\t\t\t\t<p><strong>En bref, Subscription Land propose:<\/strong><\/p>\t\t\t\t\t\t\t\t<\/div>\n\t\t\t\t<\/div>\n\t\t\t\t\t<\/div>\n\t\t<\/div>\n\t\t\t\t\t<\/div>\n\t\t<\/section>\n\t\t\t\t<section class=\"elementor-section elementor-top-section elementor-element elementor-element-ee848e6 elementor-section-boxed elementor-section-height-default elementor-section-height-default\" data-id=\"ee848e6\" data-element_type=\"section\" data-e-type=\"section\">\n\t\t\t\t\t\t<div class=\"elementor-container elementor-column-gap-default\">\n\t\t\t\t\t<div class=\"elementor-column elementor-col-50 elementor-top-column elementor-element elementor-element-6102c2d\" data-id=\"6102c2d\" data-element_type=\"column\" data-e-type=\"column\">\n\t\t\t<div class=\"elementor-widget-wrap elementor-element-populated\">\n\t\t\t\t\t\t<div class=\"elementor-element elementor-element-13006d9 elementor-icon-list--layout-traditional elementor-list-item-link-full_width elementor-widget elementor-widget-icon-list\" data-id=\"13006d9\" data-element_type=\"widget\" data-e-type=\"widget\" data-widget_type=\"icon-list.default\">\n\t\t\t\t<div class=\"elementor-widget-container\">\n\t\t\t\t\t\t\t<ul class=\"elementor-icon-list-items\">\n\t\t\t\t\t\t\t<li class=\"elementor-icon-list-item\">\n\t\t\t\t\t\t\t\t\t\t\t<span class=\"elementor-icon-list-icon\">\n\t\t\t\t\t\t\t<i aria-hidden=\"true\" class=\"fas fa-check\"><\/i>\t\t\t\t\t\t<\/span>\n\t\t\t\t\t\t\t\t\t\t<span class=\"elementor-icon-list-text\">Une approche personnelle<\/span>\n\t\t\t\t\t\t\t\t\t<\/li>\n\t\t\t\t\t\t\t\t<li class=\"elementor-icon-list-item\">\n\t\t\t\t\t\t\t\t\t\t\t<span class=\"elementor-icon-list-icon\">\n\t\t\t\t\t\t\t<i aria-hidden=\"true\" class=\"fas fa-check\"><\/i>\t\t\t\t\t\t<\/span>\n\t\t\t\t\t\t\t\t\t\t<span class=\"elementor-icon-list-text\">Un point de contact \/ partenaire d&#039;entra\u00eenement<\/span>\n\t\t\t\t\t\t\t\t\t<\/li>\n\t\t\t\t\t\t\t\t<li class=\"elementor-icon-list-item\">\n\t\t\t\t\t\t\t\t\t\t\t<span class=\"elementor-icon-list-icon\">\n\t\t\t\t\t\t\t<i aria-hidden=\"true\" class=\"fas fa-check\"><\/i>\t\t\t\t\t\t<\/span>\n\t\t\t\t\t\t\t\t\t\t<span class=\"elementor-icon-list-text\">Vos fichiers d&#039;adresses sont rapidement op\u00e9rationnels<\/span>\n\t\t\t\t\t\t\t\t\t<\/li>\n\t\t\t\t\t\t\t\t<li class=\"elementor-icon-list-item\">\n\t\t\t\t\t\t\t\t\t\t\t<span class=\"elementor-icon-list-icon\">\n\t\t\t\t\t\t\t<i aria-hidden=\"true\" class=\"fas fa-check\"><\/i>\t\t\t\t\t\t<\/span>\n\t\t\t\t\t\t\t\t\t\t<span class=\"elementor-icon-list-text\">Faibles co\u00fbts de d\u00e9marrage<\/span>\n\t\t\t\t\t\t\t\t\t<\/li>\n\t\t\t\t\t\t\t\t<li class=\"elementor-icon-list-item\">\n\t\t\t\t\t\t\t\t\t\t\t<span class=\"elementor-icon-list-icon\">\n\t\t\t\t\t\t\t<i aria-hidden=\"true\" class=\"fas fa-check\"><\/i>\t\t\t\t\t\t<\/span>\n\t\t\t\t\t\t\t\t\t\t<span class=\"elementor-icon-list-text\">Pas de frais fixes<\/span>\n\t\t\t\t\t\t\t\t\t<\/li>\n\t\t\t\t\t\t<\/ul>\n\t\t\t\t\t\t<\/div>\n\t\t\t\t<\/div>\n\t\t\t\t\t<\/div>\n\t\t<\/div>\n\t\t\t\t<div class=\"elementor-column elementor-col-50 elementor-top-column elementor-element elementor-element-aa1bd24\" data-id=\"aa1bd24\" data-element_type=\"column\" data-e-type=\"column\">\n\t\t\t<div class=\"elementor-widget-wrap elementor-element-populated\">\n\t\t\t\t\t\t<div class=\"elementor-element elementor-element-3c46e55 elementor-icon-list--layout-traditional elementor-list-item-link-full_width elementor-widget elementor-widget-icon-list\" data-id=\"3c46e55\" data-element_type=\"widget\" data-e-type=\"widget\" data-widget_type=\"icon-list.default\">\n\t\t\t\t<div class=\"elementor-widget-container\">\n\t\t\t\t\t\t\t<ul class=\"elementor-icon-list-items\">\n\t\t\t\t\t\t\t<li class=\"elementor-icon-list-item\">\n\t\t\t\t\t\t\t\t\t\t\t<span class=\"elementor-icon-list-icon\">\n\t\t\t\t\t\t\t<i aria-hidden=\"true\" class=\"fas fa-check\"><\/i>\t\t\t\t\t\t<\/span>\n\t\t\t\t\t\t\t\t\t\t<span class=\"elementor-icon-list-text\">Accessibilit\u00e9 en ligne de vos fichiers<\/span>\n\t\t\t\t\t\t\t\t\t<\/li>\n\t\t\t\t\t\t\t\t<li class=\"elementor-icon-list-item\">\n\t\t\t\t\t\t\t\t\t\t\t<span class=\"elementor-icon-list-icon\">\n\t\t\t\t\t\t\t<i aria-hidden=\"true\" class=\"fas fa-check\"><\/i>\t\t\t\t\t\t<\/span>\n\t\t\t\t\t\t\t\t\t\t<span class=\"elementor-icon-list-text\">Service client professionnel aux Pays-Bas et en Belgique<\/span>\n\t\t\t\t\t\t\t\t\t<\/li>\n\t\t\t\t\t\t\t\t<li class=\"elementor-icon-list-item\">\n\t\t\t\t\t\t\t\t\t\t\t<span class=\"elementor-icon-list-icon\">\n\t\t\t\t\t\t\t<i aria-hidden=\"true\" class=\"fas fa-check\"><\/i>\t\t\t\t\t\t<\/span>\n\t\t\t\t\t\t\t\t\t\t<span class=\"elementor-icon-list-text\">Gestionnaire d&#039;abonnement ind\u00e9pendant<\/span>\n\t\t\t\t\t\t\t\t\t<\/li>\n\t\t\t\t\t\t\t\t<li class=\"elementor-icon-list-item\">\n\t\t\t\t\t\t\t\t\t\t\t<span class=\"elementor-icon-list-icon\">\n\t\t\t\t\t\t\t<i aria-hidden=\"true\" class=\"fas fa-check\"><\/i>\t\t\t\t\t\t<\/span>\n\t\t\t\t\t\t\t\t\t\t<span class=\"elementor-icon-list-text\">Continuit\u00e9 (depuis 1992)<\/span>\n\t\t\t\t\t\t\t\t\t<\/li>\n\t\t\t\t\t\t<\/ul>\n\t\t\t\t\t\t<\/div>\n\t\t\t\t<\/div>\n\t\t\t\t\t<\/div>\n\t\t<\/div>\n\t\t\t\t\t<\/div>\n\t\t<\/section>\n\t\t\t\t<\/div>","protected":false},"excerpt":{"rendered":"<p>Abonnementenbeheer Verder in abonnementenbeheer &amp; -marketing \u00a0 Met een brede range aan beheer- en marketingfaciliteiten behoort Abonnementenland al jaren tot de best geoutilleerde dienstverleners op zijn gebied. Abonnementenland heeft zijn management- en beheerdiensten toegespitst op de vragen en behoeften in de uitgeefbranche. Ook verenigingen vinden hun weg naar Abonnementenland. Het is onze ambitie om onze [&hellip;]<\/p>\n","protected":false},"author":4,"featured_media":0,"parent":0,"menu_order":0,"comment_status":"closed","ping_status":"closed","template":"elementor_header_footer","meta":{"footnotes":""},"class_list":["post-180","page","type-page","status-publish","hentry"],"yoast_head":"<!-- This site is optimized with the Yoast SEO plugin v27.1.1 - https:\/\/yoast.com\/product\/yoast-seo-wordpress\/ -->\n<title>Abonnementenbeheer - Abonnementenbeheer<\/title>\n<meta name=\"robots\" content=\"index, follow, max-snippet:-1, max-image-preview:large, max-video-preview:-1\" \/>\n<link rel=\"canonical\" href=\"https:\/\/abonnementenbeheer.nl\/fr\/abonnementenbeheer\/\" \/>\n<meta property=\"og:locale\" content=\"fr_FR\" \/>\n<meta property=\"og:type\" content=\"article\" \/>\n<meta property=\"og:title\" content=\"Abonnementenbeheer - Abonnementenbeheer\" \/>\n<meta property=\"og:description\" content=\"Abonnementenbeheer Verder in abonnementenbeheer &amp; -marketing \u00a0 Met een brede range aan beheer- en marketingfaciliteiten behoort Abonnementenland al jaren tot de best geoutilleerde dienstverleners op zijn gebied. Abonnementenland heeft zijn management- en beheerdiensten toegespitst op de vragen en behoeften in de uitgeefbranche. Ook verenigingen vinden hun weg naar Abonnementenland. Het is onze ambitie om onze [&hellip;]\" \/>\n<meta property=\"og:url\" content=\"https:\/\/abonnementenbeheer.nl\/fr\/abonnementenbeheer\/\" \/>\n<meta property=\"og:site_name\" content=\"Abonnementenbeheer\" \/>\n<meta property=\"article:modified_time\" content=\"2023-10-04T09:21:10+00:00\" \/>\n<meta name=\"twitter:card\" content=\"summary_large_image\" \/>\n<script type=\"application\/ld+json\" class=\"yoast-schema-graph\">{\"@context\":\"https:\/\/schema.org\",\"@graph\":[{\"@type\":\"WebPage\",\"@id\":\"https:\/\/abonnementenbeheer.nl\/abonnementenbeheer\/\",\"url\":\"https:\/\/abonnementenbeheer.nl\/abonnementenbeheer\/\",\"name\":\"Abonnementenbeheer - Abonnementenbeheer\",\"isPartOf\":{\"@id\":\"https:\/\/abonnementenbeheer.nl\/de\/#website\"},\"datePublished\":\"2020-11-02T15:16:37+00:00\",\"dateModified\":\"2023-10-04T09:21:10+00:00\",\"breadcrumb\":{\"@id\":\"https:\/\/abonnementenbeheer.nl\/abonnementenbeheer\/#breadcrumb\"},\"inLanguage\":\"fr-FR\",\"potentialAction\":[{\"@type\":\"ReadAction\",\"target\":[\"https:\/\/abonnementenbeheer.nl\/abonnementenbeheer\/\"]}]},{\"@type\":\"BreadcrumbList\",\"@id\":\"https:\/\/abonnementenbeheer.nl\/abonnementenbeheer\/#breadcrumb\",\"itemListElement\":[{\"@type\":\"ListItem\",\"position\":1,\"name\":\"Home\",\"item\":\"https:\/\/abonnementenbeheer.nl\/\"},{\"@type\":\"ListItem\",\"position\":2,\"name\":\"Abonnementenbeheer\"}]},{\"@type\":\"WebSite\",\"@id\":\"https:\/\/abonnementenbeheer.nl\/de\/#website\",\"url\":\"https:\/\/abonnementenbeheer.nl\/de\/\",\"name\":\"Abonnementenland\",\"description\":\"Verder in abonnementenbeheer &amp; -marketing\",\"publisher\":{\"@id\":\"https:\/\/abonnementenbeheer.nl\/de\/#organization\"},\"potentialAction\":[{\"@type\":\"SearchAction\",\"target\":{\"@type\":\"EntryPoint\",\"urlTemplate\":\"https:\/\/abonnementenbeheer.nl\/de\/?s={search_term_string}\"},\"query-input\":{\"@type\":\"PropertyValueSpecification\",\"valueRequired\":true,\"valueName\":\"search_term_string\"}}],\"inLanguage\":\"fr-FR\"},{\"@type\":\"Organization\",\"@id\":\"https:\/\/abonnementenbeheer.nl\/de\/#organization\",\"name\":\"Abonnementenland\",\"url\":\"https:\/\/abonnementenbeheer.nl\/de\/\",\"logo\":{\"@type\":\"ImageObject\",\"inLanguage\":\"fr-FR\",\"@id\":\"https:\/\/abonnementenbeheer.nl\/de\/#\/schema\/logo\/image\/\",\"url\":\"http:\/\/abonnementenbeheer.nl\/wp-content\/uploads\/2020\/11\/image008-1.jpg\",\"contentUrl\":\"http:\/\/abonnementenbeheer.nl\/wp-content\/uploads\/2020\/11\/image008-1.jpg\",\"width\":540,\"height\":267,\"caption\":\"Abonnementenland\"},\"image\":{\"@id\":\"https:\/\/abonnementenbeheer.nl\/de\/#\/schema\/logo\/image\/\"}}]}<\/script>\n<!-- \/ Yoast SEO plugin. -->","yoast_head_json":{"title":"Abonnementenbeheer - Abonnementenbeheer","robots":{"index":"index","follow":"follow","max-snippet":"max-snippet:-1","max-image-preview":"max-image-preview:large","max-video-preview":"max-video-preview:-1"},"canonical":"https:\/\/abonnementenbeheer.nl\/fr\/abonnementenbeheer\/","og_locale":"fr_FR","og_type":"article","og_title":"Abonnementenbeheer - Abonnementenbeheer","og_description":"Abonnementenbeheer Verder in abonnementenbeheer &amp; -marketing \u00a0 Met een brede range aan beheer- en marketingfaciliteiten behoort Abonnementenland al jaren tot de best geoutilleerde dienstverleners op zijn gebied. Abonnementenland heeft zijn management- en beheerdiensten toegespitst op de vragen en behoeften in de uitgeefbranche. Ook verenigingen vinden hun weg naar Abonnementenland. Het is onze ambitie om onze [&hellip;]","og_url":"https:\/\/abonnementenbeheer.nl\/fr\/abonnementenbeheer\/","og_site_name":"Abonnementenbeheer","article_modified_time":"2023-10-04T09:21:10+00:00","twitter_card":"summary_large_image","schema":{"@context":"https:\/\/schema.org","@graph":[{"@type":"WebPage","@id":"https:\/\/abonnementenbeheer.nl\/abonnementenbeheer\/","url":"https:\/\/abonnementenbeheer.nl\/abonnementenbeheer\/","name":"Abonnementenbeheer - Abonnementenbeheer","isPartOf":{"@id":"https:\/\/abonnementenbeheer.nl\/de\/#website"},"datePublished":"2020-11-02T15:16:37+00:00","dateModified":"2023-10-04T09:21:10+00:00","breadcrumb":{"@id":"https:\/\/abonnementenbeheer.nl\/abonnementenbeheer\/#breadcrumb"},"inLanguage":"fr-FR","potentialAction":[{"@type":"ReadAction","target":["https:\/\/abonnementenbeheer.nl\/abonnementenbeheer\/"]}]},{"@type":"BreadcrumbList","@id":"https:\/\/abonnementenbeheer.nl\/abonnementenbeheer\/#breadcrumb","itemListElement":[{"@type":"ListItem","position":1,"name":"Home","item":"https:\/\/abonnementenbeheer.nl\/"},{"@type":"ListItem","position":2,"name":"Abonnementenbeheer"}]},{"@type":"WebSite","@id":"https:\/\/abonnementenbeheer.nl\/de\/#website","url":"https:\/\/abonnementenbeheer.nl\/de\/","name":"Pays d&#039;abonnement","description":"\u00c9galement dans la gestion des abonnements et le marketing","publisher":{"@id":"https:\/\/abonnementenbeheer.nl\/de\/#organization"},"potentialAction":[{"@type":"SearchAction","target":{"@type":"EntryPoint","urlTemplate":"https:\/\/abonnementenbeheer.nl\/de\/?s={search_term_string}"},"query-input":{"@type":"PropertyValueSpecification","valueRequired":true,"valueName":"search_term_string"}}],"inLanguage":"fr-FR"},{"@type":"Organization","@id":"https:\/\/abonnementenbeheer.nl\/de\/#organization","name":"Pays d&#039;abonnement","url":"https:\/\/abonnementenbeheer.nl\/de\/","logo":{"@type":"ImageObject","inLanguage":"fr-FR","@id":"https:\/\/abonnementenbeheer.nl\/de\/#\/schema\/logo\/image\/","url":"http:\/\/abonnementenbeheer.nl\/wp-content\/uploads\/2020\/11\/image008-1.jpg","contentUrl":"http:\/\/abonnementenbeheer.nl\/wp-content\/uploads\/2020\/11\/image008-1.jpg","width":540,"height":267,"caption":"Abonnementenland"},"image":{"@id":"https:\/\/abonnementenbeheer.nl\/de\/#\/schema\/logo\/image\/"}}]}},"_links":{"self":[{"href":"https:\/\/abonnementenbeheer.nl\/fr\/wp-json\/wp\/v2\/pages\/180","targetHints":{"allow":["GET"]}}],"collection":[{"href":"https:\/\/abonnementenbeheer.nl\/fr\/wp-json\/wp\/v2\/pages"}],"about":[{"href":"https:\/\/abonnementenbeheer.nl\/fr\/wp-json\/wp\/v2\/types\/page"}],"author":[{"embeddable":true,"href":"https:\/\/abonnementenbeheer.nl\/fr\/wp-json\/wp\/v2\/users\/4"}],"replies":[{"embeddable":true,"href":"https:\/\/abonnementenbeheer.nl\/fr\/wp-json\/wp\/v2\/comments?post=180"}],"version-history":[{"count":0,"href":"https:\/\/abonnementenbeheer.nl\/fr\/wp-json\/wp\/v2\/pages\/180\/revisions"}],"wp:attachment":[{"href":"https:\/\/abonnementenbeheer.nl\/fr\/wp-json\/wp\/v2\/media?parent=180"}],"curies":[{"name":"wp","href":"https:\/\/api.w.org\/{rel}","templated":true}]}}