{"id":276,"date":"2020-11-02T16:29:03","date_gmt":"2020-11-02T16:29:03","guid":{"rendered":"http:\/\/shaggy-dragon-8bnfu6rvzn.ploi.sh\/?page_id=276"},"modified":"2020-11-02T16:29:57","modified_gmt":"2020-11-02T16:29:57","slug":"fulfilment","status":"publish","type":"page","link":"https:\/\/abonnementenbeheer.nl\/fr\/fulfilment\/","title":{"rendered":"Accomplissement"},"content":{"rendered":"<div data-elementor-type=\"wp-page\" data-elementor-id=\"276\" class=\"elementor elementor-276\" data-elementor-post-type=\"page\">\n\t\t\t\t\t\t<section class=\"elementor-section elementor-top-section elementor-element elementor-element-36c6edb elementor-section-full_width elementor-section-height-min-height elementor-section-height-default elementor-section-items-middle\" data-id=\"36c6edb\" data-element_type=\"section\" data-e-type=\"section\" data-settings=\"{&quot;background_background&quot;:&quot;classic&quot;}\">\n\t\t\t\t\t\t<div class=\"elementor-container elementor-column-gap-default\">\n\t\t\t\t\t<div class=\"elementor-column elementor-col-100 elementor-top-column elementor-element elementor-element-a9aa9ec\" data-id=\"a9aa9ec\" data-element_type=\"column\" data-e-type=\"column\">\n\t\t\t<div class=\"elementor-widget-wrap elementor-element-populated\">\n\t\t\t\t\t\t<div class=\"elementor-element elementor-element-6463b31 elementor-widget elementor-widget-text-editor\" data-id=\"6463b31\" data-element_type=\"widget\" data-e-type=\"widget\" data-widget_type=\"text-editor.default\">\n\t\t\t\t<div class=\"elementor-widget-container\">\n\t\t\t\t\t\t\t\t\t<h1 class=\"page-title\">Accomplissement<\/h1>\t\t\t\t\t\t\t\t<\/div>\n\t\t\t\t<\/div>\n\t\t\t\t\t<\/div>\n\t\t<\/div>\n\t\t\t\t\t<\/div>\n\t\t<\/section>\n\t\t\t\t<section class=\"elementor-section elementor-top-section elementor-element elementor-element-acd34cb elementor-section-boxed elementor-section-height-default elementor-section-height-default\" data-id=\"acd34cb\" data-element_type=\"section\" data-e-type=\"section\">\n\t\t\t\t\t\t<div class=\"elementor-container elementor-column-gap-default\">\n\t\t\t\t\t<div class=\"elementor-column elementor-col-100 elementor-top-column elementor-element elementor-element-7a72367\" data-id=\"7a72367\" data-element_type=\"column\" data-e-type=\"column\">\n\t\t\t<div class=\"elementor-widget-wrap elementor-element-populated\">\n\t\t\t\t\t\t<div class=\"elementor-element elementor-element-87bbdaa elementor-widget elementor-widget-text-editor\" data-id=\"87bbdaa\" data-element_type=\"widget\" data-e-type=\"widget\" data-widget_type=\"text-editor.default\">\n\t\t\t\t<div class=\"elementor-widget-container\">\n\t\t\t\t\t\t\t\t\t<h2>La diff\u00e9rence entre un client satisfait et un client insatisfait<\/h2><p>Traitement des commandes depuis votre boutique en ligne, suivi des stocks, livraison dans les d\u00e9lais des articles command\u00e9s, traitement des paiements, r\u00e9ponse aux questions des clients et des abonn\u00e9s par t\u00e9l\u00e9phone et e-mail, envoi de primes, transmission des \u00e9ditions d\u00e9j\u00e0 publi\u00e9es, \u00e9change et renvoi d&#039;articles; ce sont toutes des questions tr\u00e8s urgentes et exigeantes en main-d\u2019\u0153uvre.<\/p><p>Tout cela fait la diff\u00e9rence entre un client satisfait et un client insatisfait.<\/p><h2>Tout sous un m\u00eame toit: lignes courtes et commutation rapide<\/h2><p>Chez Subscriptions Land, nous savons cela comme aucun autre. C&#039;est pourquoi Subscription Land assure non seulement la gestion des abonnements, mais \u00e9galement l&#039;ex\u00e9cution pour ses clients. Le service client est en contact quotidien avec les visiteurs de votre boutique en ligne et vos abonn\u00e9s. Le grand avantage ici est que le service client, le stockage et l&#039;ex\u00e9cution se font sous un m\u00eame toit chez Subscription Land. En cons\u00e9quence, les lignes sont courtes et peuvent \u00eatre commut\u00e9es rapidement.<\/p><p>Gr\u00e2ce \u00e0 la fertilisation crois\u00e9e entre le service client et la r\u00e9alisation, les employ\u00e9s des deux d\u00e9partements savent ce qui se passe avec les clients et les abonn\u00e9s.<\/p><p>Le traitement des commandes, la gestion des stocks, la distribution et la facturation sont g\u00e9r\u00e9s par Thor, qui a d\u00e9velopp\u00e9 Subscription Land pour l&#039;industrie de l&#039;\u00e9dition. Thor a int\u00e9gr\u00e9 tout ce qui est n\u00e9cessaire au commerce \u00e9lectronique, \u00e0 la gestion des abonnements et \u00e0 la distribution d&#039;articles physiques et num\u00e9riques.<\/p>\t\t\t\t\t\t\t\t<\/div>\n\t\t\t\t<\/div>\n\t\t\t\t\t<\/div>\n\t\t<\/div>\n\t\t\t\t\t<\/div>\n\t\t<\/section>\n\t\t\t\t<\/div>","protected":false},"excerpt":{"rendered":"<p>Fulfilment Het verschil tussen een tevreden en een ontevreden klant Verwerking van bestellingen uit uw webshop, bijhouden van de voorraad, tijdige uitlevering van de bestelde artikelen, betalingsverwerking, telefonisch en per email vragen beantwoorden van klanten en abonnees, premiums verzenden, nazenden van reeds verschenen edities, omruilen en opnieuw verzenden van artikelen; het zijn allemaal bijzonder tijd-kritische [&hellip;]<\/p>\n","protected":false},"author":4,"featured_media":0,"parent":0,"menu_order":0,"comment_status":"closed","ping_status":"closed","template":"elementor_header_footer","meta":{"footnotes":""},"class_list":["post-276","page","type-page","status-publish","hentry"],"yoast_head":"<!-- This site is optimized with the Yoast SEO plugin v27.1.1 - https:\/\/yoast.com\/product\/yoast-seo-wordpress\/ -->\n<title>Fulfilment - Abonnementenbeheer<\/title>\n<meta name=\"robots\" content=\"index, follow, max-snippet:-1, max-image-preview:large, max-video-preview:-1\" \/>\n<link rel=\"canonical\" href=\"https:\/\/abonnementenbeheer.nl\/fr\/fulfilment\/\" \/>\n<meta property=\"og:locale\" content=\"fr_FR\" \/>\n<meta property=\"og:type\" content=\"article\" \/>\n<meta property=\"og:title\" content=\"Fulfilment - Abonnementenbeheer\" \/>\n<meta property=\"og:description\" content=\"Fulfilment Het verschil tussen een tevreden en een ontevreden klant Verwerking van bestellingen uit uw webshop, bijhouden van de voorraad, tijdige uitlevering van de bestelde artikelen, betalingsverwerking, telefonisch en per email vragen beantwoorden van klanten en abonnees, premiums verzenden, nazenden van reeds verschenen edities, omruilen en opnieuw verzenden van artikelen; het zijn allemaal bijzonder tijd-kritische [&hellip;]\" \/>\n<meta property=\"og:url\" content=\"https:\/\/abonnementenbeheer.nl\/fr\/fulfilment\/\" \/>\n<meta property=\"og:site_name\" content=\"Abonnementenbeheer\" \/>\n<meta property=\"article:modified_time\" content=\"2020-11-02T16:29:57+00:00\" \/>\n<meta name=\"twitter:card\" content=\"summary_large_image\" \/>\n<meta name=\"twitter:label1\" content=\"Dur\u00e9e de lecture estim\u00e9e\" \/>\n\t<meta name=\"twitter:data1\" content=\"1 minute\" \/>\n<script type=\"application\/ld+json\" class=\"yoast-schema-graph\">{\"@context\":\"https:\/\/schema.org\",\"@graph\":[{\"@type\":\"WebPage\",\"@id\":\"https:\/\/abonnementenbeheer.nl\/fr\/fulfilment\/\",\"url\":\"https:\/\/abonnementenbeheer.nl\/fr\/fulfilment\/\",\"name\":\"Fulfilment - Abonnementenbeheer\",\"isPartOf\":{\"@id\":\"https:\/\/abonnementenbeheer.nl\/de\/#website\"},\"datePublished\":\"2020-11-02T16:29:03+00:00\",\"dateModified\":\"2020-11-02T16:29:57+00:00\",\"breadcrumb\":{\"@id\":\"https:\/\/abonnementenbeheer.nl\/fr\/fulfilment\/#breadcrumb\"},\"inLanguage\":\"fr-FR\",\"potentialAction\":[{\"@type\":\"ReadAction\",\"target\":[\"https:\/\/abonnementenbeheer.nl\/fr\/fulfilment\/\"]}]},{\"@type\":\"BreadcrumbList\",\"@id\":\"https:\/\/abonnementenbeheer.nl\/fr\/fulfilment\/#breadcrumb\",\"itemListElement\":[{\"@type\":\"ListItem\",\"position\":1,\"name\":\"Home\",\"item\":\"https:\/\/abonnementenbeheer.nl\/\"},{\"@type\":\"ListItem\",\"position\":2,\"name\":\"Fulfilment\"}]},{\"@type\":\"WebSite\",\"@id\":\"https:\/\/abonnementenbeheer.nl\/de\/#website\",\"url\":\"https:\/\/abonnementenbeheer.nl\/de\/\",\"name\":\"Abonnementenland\",\"description\":\"Verder in abonnementenbeheer &amp; -marketing\",\"publisher\":{\"@id\":\"https:\/\/abonnementenbeheer.nl\/de\/#organization\"},\"potentialAction\":[{\"@type\":\"SearchAction\",\"target\":{\"@type\":\"EntryPoint\",\"urlTemplate\":\"https:\/\/abonnementenbeheer.nl\/de\/?s={search_term_string}\"},\"query-input\":{\"@type\":\"PropertyValueSpecification\",\"valueRequired\":true,\"valueName\":\"search_term_string\"}}],\"inLanguage\":\"fr-FR\"},{\"@type\":\"Organization\",\"@id\":\"https:\/\/abonnementenbeheer.nl\/de\/#organization\",\"name\":\"Abonnementenland\",\"url\":\"https:\/\/abonnementenbeheer.nl\/de\/\",\"logo\":{\"@type\":\"ImageObject\",\"inLanguage\":\"fr-FR\",\"@id\":\"https:\/\/abonnementenbeheer.nl\/de\/#\/schema\/logo\/image\/\",\"url\":\"http:\/\/abonnementenbeheer.nl\/wp-content\/uploads\/2020\/11\/image008-1.jpg\",\"contentUrl\":\"http:\/\/abonnementenbeheer.nl\/wp-content\/uploads\/2020\/11\/image008-1.jpg\",\"width\":540,\"height\":267,\"caption\":\"Abonnementenland\"},\"image\":{\"@id\":\"https:\/\/abonnementenbeheer.nl\/de\/#\/schema\/logo\/image\/\"}}]}<\/script>\n<!-- \/ Yoast SEO plugin. -->","yoast_head_json":{"title":"Fulfilment - Abonnementenbeheer","robots":{"index":"index","follow":"follow","max-snippet":"max-snippet:-1","max-image-preview":"max-image-preview:large","max-video-preview":"max-video-preview:-1"},"canonical":"https:\/\/abonnementenbeheer.nl\/fr\/fulfilment\/","og_locale":"fr_FR","og_type":"article","og_title":"Fulfilment - Abonnementenbeheer","og_description":"Fulfilment Het verschil tussen een tevreden en een ontevreden klant Verwerking van bestellingen uit uw webshop, bijhouden van de voorraad, tijdige uitlevering van de bestelde artikelen, betalingsverwerking, telefonisch en per email vragen beantwoorden van klanten en abonnees, premiums verzenden, nazenden van reeds verschenen edities, omruilen en opnieuw verzenden van artikelen; het zijn allemaal bijzonder tijd-kritische [&hellip;]","og_url":"https:\/\/abonnementenbeheer.nl\/fr\/fulfilment\/","og_site_name":"Abonnementenbeheer","article_modified_time":"2020-11-02T16:29:57+00:00","twitter_card":"summary_large_image","twitter_misc":{"Dur\u00e9e de lecture estim\u00e9e":"1 minute"},"schema":{"@context":"https:\/\/schema.org","@graph":[{"@type":"WebPage","@id":"https:\/\/abonnementenbeheer.nl\/fr\/fulfilment\/","url":"https:\/\/abonnementenbeheer.nl\/fr\/fulfilment\/","name":"Fulfilment - Abonnementenbeheer","isPartOf":{"@id":"https:\/\/abonnementenbeheer.nl\/de\/#website"},"datePublished":"2020-11-02T16:29:03+00:00","dateModified":"2020-11-02T16:29:57+00:00","breadcrumb":{"@id":"https:\/\/abonnementenbeheer.nl\/fr\/fulfilment\/#breadcrumb"},"inLanguage":"fr-FR","potentialAction":[{"@type":"ReadAction","target":["https:\/\/abonnementenbeheer.nl\/fr\/fulfilment\/"]}]},{"@type":"BreadcrumbList","@id":"https:\/\/abonnementenbeheer.nl\/fr\/fulfilment\/#breadcrumb","itemListElement":[{"@type":"ListItem","position":1,"name":"Home","item":"https:\/\/abonnementenbeheer.nl\/"},{"@type":"ListItem","position":2,"name":"Fulfilment"}]},{"@type":"WebSite","@id":"https:\/\/abonnementenbeheer.nl\/de\/#website","url":"https:\/\/abonnementenbeheer.nl\/de\/","name":"Pays d&#039;abonnement","description":"\u00c9galement dans la gestion des abonnements et le marketing","publisher":{"@id":"https:\/\/abonnementenbeheer.nl\/de\/#organization"},"potentialAction":[{"@type":"SearchAction","target":{"@type":"EntryPoint","urlTemplate":"https:\/\/abonnementenbeheer.nl\/de\/?s={search_term_string}"},"query-input":{"@type":"PropertyValueSpecification","valueRequired":true,"valueName":"search_term_string"}}],"inLanguage":"fr-FR"},{"@type":"Organization","@id":"https:\/\/abonnementenbeheer.nl\/de\/#organization","name":"Pays d&#039;abonnement","url":"https:\/\/abonnementenbeheer.nl\/de\/","logo":{"@type":"ImageObject","inLanguage":"fr-FR","@id":"https:\/\/abonnementenbeheer.nl\/de\/#\/schema\/logo\/image\/","url":"http:\/\/abonnementenbeheer.nl\/wp-content\/uploads\/2020\/11\/image008-1.jpg","contentUrl":"http:\/\/abonnementenbeheer.nl\/wp-content\/uploads\/2020\/11\/image008-1.jpg","width":540,"height":267,"caption":"Abonnementenland"},"image":{"@id":"https:\/\/abonnementenbeheer.nl\/de\/#\/schema\/logo\/image\/"}}]}},"_links":{"self":[{"href":"https:\/\/abonnementenbeheer.nl\/fr\/wp-json\/wp\/v2\/pages\/276","targetHints":{"allow":["GET"]}}],"collection":[{"href":"https:\/\/abonnementenbeheer.nl\/fr\/wp-json\/wp\/v2\/pages"}],"about":[{"href":"https:\/\/abonnementenbeheer.nl\/fr\/wp-json\/wp\/v2\/types\/page"}],"author":[{"embeddable":true,"href":"https:\/\/abonnementenbeheer.nl\/fr\/wp-json\/wp\/v2\/users\/4"}],"replies":[{"embeddable":true,"href":"https:\/\/abonnementenbeheer.nl\/fr\/wp-json\/wp\/v2\/comments?post=276"}],"version-history":[{"count":0,"href":"https:\/\/abonnementenbeheer.nl\/fr\/wp-json\/wp\/v2\/pages\/276\/revisions"}],"wp:attachment":[{"href":"https:\/\/abonnementenbeheer.nl\/fr\/wp-json\/wp\/v2\/media?parent=276"}],"curies":[{"name":"wp","href":"https:\/\/api.w.org\/{rel}","templated":true}]}}