{"id":212,"date":"2020-11-02T15:41:05","date_gmt":"2020-11-02T15:41:05","guid":{"rendered":"http:\/\/shaggy-dragon-8bnfu6rvzn.ploi.sh\/?page_id=212"},"modified":"2020-11-02T15:43:35","modified_gmt":"2020-11-02T15:43:35","slug":"website-integratie","status":"publish","type":"page","link":"https:\/\/abonnementenbeheer.nl\/nl\/abonnementenbeheer\/website-integratie\/","title":{"rendered":"Website integratie"},"content":{"rendered":"<div data-elementor-type=\"wp-page\" data-elementor-id=\"212\" class=\"elementor elementor-212\" data-elementor-post-type=\"page\">\n\t\t\t\t\t\t<section class=\"elementor-section elementor-top-section elementor-element elementor-element-36c6edb elementor-section-full_width elementor-section-height-min-height elementor-section-height-default elementor-section-items-middle\" data-id=\"36c6edb\" data-element_type=\"section\" data-e-type=\"section\" data-settings=\"{&quot;background_background&quot;:&quot;classic&quot;}\">\n\t\t\t\t\t\t<div class=\"elementor-container elementor-column-gap-default\">\n\t\t\t\t\t<div class=\"elementor-column elementor-col-100 elementor-top-column elementor-element elementor-element-a9aa9ec\" data-id=\"a9aa9ec\" data-element_type=\"column\" data-e-type=\"column\">\n\t\t\t<div class=\"elementor-widget-wrap elementor-element-populated\">\n\t\t\t\t\t\t<div class=\"elementor-element elementor-element-6463b31 elementor-widget elementor-widget-text-editor\" data-id=\"6463b31\" data-element_type=\"widget\" data-e-type=\"widget\" data-widget_type=\"text-editor.default\">\n\t\t\t\t<div class=\"elementor-widget-container\">\n\t\t\t\t\t\t\t\t\t<h1 class=\"page-title\">Website integratie<\/h1><h4>Alles volledig in uw \u00e9igen huisstijl en naar uw \u00e9igen wensen.<\/h4>\t\t\t\t\t\t\t\t<\/div>\n\t\t\t\t<\/div>\n\t\t\t\t\t<\/div>\n\t\t<\/div>\n\t\t\t\t\t<\/div>\n\t\t<\/section>\n\t\t\t\t<section class=\"elementor-section elementor-top-section elementor-element elementor-element-acd34cb elementor-section-boxed elementor-section-height-default elementor-section-height-default\" data-id=\"acd34cb\" data-element_type=\"section\" data-e-type=\"section\">\n\t\t\t\t\t\t<div class=\"elementor-container elementor-column-gap-default\">\n\t\t\t\t\t<div class=\"elementor-column elementor-col-100 elementor-top-column elementor-element elementor-element-7a72367\" data-id=\"7a72367\" data-element_type=\"column\" data-e-type=\"column\">\n\t\t\t<div class=\"elementor-widget-wrap elementor-element-populated\">\n\t\t\t\t\t\t<div class=\"elementor-element elementor-element-87bbdaa elementor-widget elementor-widget-text-editor\" data-id=\"87bbdaa\" data-element_type=\"widget\" data-e-type=\"widget\" data-widget_type=\"text-editor.default\">\n\t\t\t\t<div class=\"elementor-widget-container\">\n\t\t\t\t\t\t\t\t\t<p>Abonnees hebben een abonnement op\u00a0<em>uw<\/em><em>\u00a0<\/em><em>blad<\/em>\u00a0of zijn klant in\u00a0<em>uw webshop<\/em>. Daarom vinden wij het belangrijk dat uw abonnees in de vertrouwde omgeving van uw website hun abonnementsgegevens kunnen beheren. Abonnementenland ondersteunt u daarom in de website integratie van beheerpagina\u2019s waarop abonnees zelf hun abonnementen kunnen beheren<\/p>\t\t\t\t\t\t\t\t<\/div>\n\t\t\t\t<\/div>\n\t\t\t\t<div class=\"elementor-element elementor-element-44fde37 elementor-widget elementor-widget-text-editor\" data-id=\"44fde37\" data-element_type=\"widget\" data-e-type=\"widget\" data-widget_type=\"text-editor.default\">\n\t\t\t\t<div class=\"elementor-widget-container\">\n\t\t\t\t\t\t\t\t\t<p><strong>Denk daarbij onder meer aan:<\/strong><\/p>\t\t\t\t\t\t\t\t<\/div>\n\t\t\t\t<\/div>\n\t\t\t\t\t<\/div>\n\t\t<\/div>\n\t\t\t\t\t<\/div>\n\t\t<\/section>\n\t\t\t\t<section class=\"elementor-section elementor-top-section elementor-element elementor-element-ee848e6 elementor-section-boxed elementor-section-height-default elementor-section-height-default\" data-id=\"ee848e6\" data-element_type=\"section\" data-e-type=\"section\">\n\t\t\t\t\t\t<div class=\"elementor-container elementor-column-gap-default\">\n\t\t\t\t\t<div class=\"elementor-column elementor-col-50 elementor-top-column elementor-element elementor-element-6102c2d\" data-id=\"6102c2d\" data-element_type=\"column\" data-e-type=\"column\">\n\t\t\t<div class=\"elementor-widget-wrap elementor-element-populated\">\n\t\t\t\t\t\t<div class=\"elementor-element elementor-element-13006d9 elementor-icon-list--layout-traditional elementor-list-item-link-full_width elementor-widget elementor-widget-icon-list\" data-id=\"13006d9\" data-element_type=\"widget\" data-e-type=\"widget\" data-widget_type=\"icon-list.default\">\n\t\t\t\t<div class=\"elementor-widget-container\">\n\t\t\t\t\t\t\t<ul class=\"elementor-icon-list-items\">\n\t\t\t\t\t\t\t<li class=\"elementor-icon-list-item\">\n\t\t\t\t\t\t\t\t\t\t\t<span class=\"elementor-icon-list-icon\">\n\t\t\t\t\t\t\t<i aria-hidden=\"true\" class=\"fas fa-check\"><\/i>\t\t\t\t\t\t<\/span>\n\t\t\t\t\t\t\t\t\t\t<span class=\"elementor-icon-list-text\">Aanmelden van nieuwe abonnementen<\/span>\n\t\t\t\t\t\t\t\t\t<\/li>\n\t\t\t\t\t\t\t\t<li class=\"elementor-icon-list-item\">\n\t\t\t\t\t\t\t\t\t\t\t<span class=\"elementor-icon-list-icon\">\n\t\t\t\t\t\t\t<i aria-hidden=\"true\" class=\"fas fa-check\"><\/i>\t\t\t\t\t\t<\/span>\n\t\t\t\t\t\t\t\t\t\t<span class=\"elementor-icon-list-text\">Doorgeven van adreswijzigingen<\/span>\n\t\t\t\t\t\t\t\t\t<\/li>\n\t\t\t\t\t\t\t\t<li class=\"elementor-icon-list-item\">\n\t\t\t\t\t\t\t\t\t\t\t<span class=\"elementor-icon-list-icon\">\n\t\t\t\t\t\t\t<i aria-hidden=\"true\" class=\"fas fa-check\"><\/i>\t\t\t\t\t\t<\/span>\n\t\t\t\t\t\t\t\t\t\t<span class=\"elementor-icon-list-text\">Stellen van vragen<\/span>\n\t\t\t\t\t\t\t\t\t<\/li>\n\t\t\t\t\t\t<\/ul>\n\t\t\t\t\t\t<\/div>\n\t\t\t\t<\/div>\n\t\t\t\t\t<\/div>\n\t\t<\/div>\n\t\t\t\t<div class=\"elementor-column elementor-col-50 elementor-top-column elementor-element elementor-element-aa1bd24\" data-id=\"aa1bd24\" data-element_type=\"column\" data-e-type=\"column\">\n\t\t\t<div class=\"elementor-widget-wrap elementor-element-populated\">\n\t\t\t\t\t\t<div class=\"elementor-element elementor-element-3c46e55 elementor-icon-list--layout-traditional elementor-list-item-link-full_width elementor-widget elementor-widget-icon-list\" data-id=\"3c46e55\" data-element_type=\"widget\" data-e-type=\"widget\" data-widget_type=\"icon-list.default\">\n\t\t\t\t<div class=\"elementor-widget-container\">\n\t\t\t\t\t\t\t<ul class=\"elementor-icon-list-items\">\n\t\t\t\t\t\t\t<li class=\"elementor-icon-list-item\">\n\t\t\t\t\t\t\t\t\t\t\t<span class=\"elementor-icon-list-icon\">\n\t\t\t\t\t\t\t<i aria-hidden=\"true\" class=\"fas fa-check\"><\/i>\t\t\t\t\t\t<\/span>\n\t\t\t\t\t\t\t\t\t\t<span class=\"elementor-icon-list-text\">Bestellen van artikelen en losse nummers<\/span>\n\t\t\t\t\t\t\t\t\t<\/li>\n\t\t\t\t\t\t\t\t<li class=\"elementor-icon-list-item\">\n\t\t\t\t\t\t\t\t\t\t\t<span class=\"elementor-icon-list-icon\">\n\t\t\t\t\t\t\t<i aria-hidden=\"true\" class=\"fas fa-check\"><\/i>\t\t\t\t\t\t<\/span>\n\t\t\t\t\t\t\t\t\t\t<span class=\"elementor-icon-list-text\">Ophalen van digitale uitgaven<\/span>\n\t\t\t\t\t\t\t\t\t<\/li>\n\t\t\t\t\t\t<\/ul>\n\t\t\t\t\t\t<\/div>\n\t\t\t\t<\/div>\n\t\t\t\t\t<\/div>\n\t\t<\/div>\n\t\t\t\t\t<\/div>\n\t\t<\/section>\n\t\t\t\t<section class=\"elementor-section elementor-top-section elementor-element elementor-element-e15fd93 elementor-section-boxed elementor-section-height-default elementor-section-height-default\" data-id=\"e15fd93\" data-element_type=\"section\" data-e-type=\"section\">\n\t\t\t\t\t\t<div class=\"elementor-container elementor-column-gap-default\">\n\t\t\t\t\t<div class=\"elementor-column elementor-col-100 elementor-top-column elementor-element elementor-element-3c8b521\" data-id=\"3c8b521\" data-element_type=\"column\" data-e-type=\"column\">\n\t\t\t<div class=\"elementor-widget-wrap elementor-element-populated\">\n\t\t\t\t\t\t<div class=\"elementor-element elementor-element-b1fe472 elementor-widget elementor-widget-text-editor\" data-id=\"b1fe472\" data-element_type=\"widget\" data-e-type=\"widget\" data-widget_type=\"text-editor.default\">\n\t\t\t\t<div class=\"elementor-widget-container\">\n\t\t\t\t\t\t\t\t\t<p>Abonnementenland biedt u de mogelijkheid om een omgeving op uw website te cre\u00ebren waarop de abonnee van alle gemakken wordt voorzien. Alles natuurlijk volledig in uw \u00e9igen huisstijl en naar uw \u00e9igen wensen.<\/p>\t\t\t\t\t\t\t\t<\/div>\n\t\t\t\t<\/div>\n\t\t\t\t\t<\/div>\n\t\t<\/div>\n\t\t\t\t\t<\/div>\n\t\t<\/section>\n\t\t\t\t<\/div>","protected":false},"excerpt":{"rendered":"<p>Website integratie Alles volledig in uw \u00e9igen huisstijl en naar uw \u00e9igen wensen. Abonnees hebben een abonnement op\u00a0uw\u00a0blad\u00a0of zijn klant in\u00a0uw webshop. Daarom vinden wij het belangrijk dat uw abonnees in de vertrouwde omgeving van uw website hun abonnementsgegevens kunnen beheren. Abonnementenland ondersteunt u daarom in de website integratie van beheerpagina\u2019s waarop abonnees zelf hun [&hellip;]<\/p>\n","protected":false},"author":4,"featured_media":0,"parent":180,"menu_order":0,"comment_status":"closed","ping_status":"closed","template":"elementor_header_footer","meta":{"footnotes":""},"class_list":["post-212","page","type-page","status-publish","hentry"],"yoast_head":"<!-- This site is optimized with the Yoast SEO plugin v27.1.1 - https:\/\/yoast.com\/product\/yoast-seo-wordpress\/ -->\n<title>Website integratie - Abonnementenbeheer<\/title>\n<meta name=\"robots\" content=\"index, follow, max-snippet:-1, max-image-preview:large, max-video-preview:-1\" \/>\n<link rel=\"canonical\" href=\"https:\/\/abonnementenbeheer.nl\/nl\/abonnementenbeheer\/website-integratie\/\" \/>\n<meta property=\"og:locale\" content=\"nl_BE\" \/>\n<meta property=\"og:type\" content=\"article\" \/>\n<meta property=\"og:title\" content=\"Website integratie - Abonnementenbeheer\" \/>\n<meta property=\"og:description\" content=\"Website integratie Alles volledig in uw \u00e9igen huisstijl en naar uw \u00e9igen wensen. Abonnees hebben een abonnement op\u00a0uw\u00a0blad\u00a0of zijn klant in\u00a0uw webshop. Daarom vinden wij het belangrijk dat uw abonnees in de vertrouwde omgeving van uw website hun abonnementsgegevens kunnen beheren. Abonnementenland ondersteunt u daarom in de website integratie van beheerpagina\u2019s waarop abonnees zelf hun [&hellip;]\" \/>\n<meta property=\"og:url\" content=\"https:\/\/abonnementenbeheer.nl\/nl\/abonnementenbeheer\/website-integratie\/\" \/>\n<meta property=\"og:site_name\" content=\"Abonnementenbeheer\" \/>\n<meta property=\"article:modified_time\" content=\"2020-11-02T15:43:35+00:00\" \/>\n<meta name=\"twitter:card\" content=\"summary_large_image\" \/>\n<meta name=\"twitter:label1\" content=\"Geschatte leestijd\" \/>\n\t<meta name=\"twitter:data1\" content=\"1 minuut\" \/>\n<script type=\"application\/ld+json\" class=\"yoast-schema-graph\">{\"@context\":\"https:\/\/schema.org\",\"@graph\":[{\"@type\":\"WebPage\",\"@id\":\"https:\/\/abonnementenbeheer.nl\/abonnementenbeheer\/website-integratie\/\",\"url\":\"https:\/\/abonnementenbeheer.nl\/abonnementenbeheer\/website-integratie\/\",\"name\":\"Website integratie - Abonnementenbeheer\",\"isPartOf\":{\"@id\":\"https:\/\/abonnementenbeheer.nl\/de\/#website\"},\"datePublished\":\"2020-11-02T15:41:05+00:00\",\"dateModified\":\"2020-11-02T15:43:35+00:00\",\"breadcrumb\":{\"@id\":\"https:\/\/abonnementenbeheer.nl\/abonnementenbeheer\/website-integratie\/#breadcrumb\"},\"inLanguage\":\"nl-BE\",\"potentialAction\":[{\"@type\":\"ReadAction\",\"target\":[\"https:\/\/abonnementenbeheer.nl\/abonnementenbeheer\/website-integratie\/\"]}]},{\"@type\":\"BreadcrumbList\",\"@id\":\"https:\/\/abonnementenbeheer.nl\/abonnementenbeheer\/website-integratie\/#breadcrumb\",\"itemListElement\":[{\"@type\":\"ListItem\",\"position\":1,\"name\":\"Home\",\"item\":\"https:\/\/abonnementenbeheer.nl\/\"},{\"@type\":\"ListItem\",\"position\":2,\"name\":\"Abonnementenbeheer\",\"item\":\"https:\/\/abonnementenbeheer.nl\/abonnementenbeheer\/\"},{\"@type\":\"ListItem\",\"position\":3,\"name\":\"Website integratie\"}]},{\"@type\":\"WebSite\",\"@id\":\"https:\/\/abonnementenbeheer.nl\/de\/#website\",\"url\":\"https:\/\/abonnementenbeheer.nl\/de\/\",\"name\":\"Abonnementenland\",\"description\":\"Verder in abonnementenbeheer &amp; -marketing\",\"publisher\":{\"@id\":\"https:\/\/abonnementenbeheer.nl\/de\/#organization\"},\"potentialAction\":[{\"@type\":\"SearchAction\",\"target\":{\"@type\":\"EntryPoint\",\"urlTemplate\":\"https:\/\/abonnementenbeheer.nl\/de\/?s={search_term_string}\"},\"query-input\":{\"@type\":\"PropertyValueSpecification\",\"valueRequired\":true,\"valueName\":\"search_term_string\"}}],\"inLanguage\":\"nl-BE\"},{\"@type\":\"Organization\",\"@id\":\"https:\/\/abonnementenbeheer.nl\/de\/#organization\",\"name\":\"Abonnementenland\",\"url\":\"https:\/\/abonnementenbeheer.nl\/de\/\",\"logo\":{\"@type\":\"ImageObject\",\"inLanguage\":\"nl-BE\",\"@id\":\"https:\/\/abonnementenbeheer.nl\/de\/#\/schema\/logo\/image\/\",\"url\":\"http:\/\/abonnementenbeheer.nl\/wp-content\/uploads\/2020\/11\/image008-1.jpg\",\"contentUrl\":\"http:\/\/abonnementenbeheer.nl\/wp-content\/uploads\/2020\/11\/image008-1.jpg\",\"width\":540,\"height\":267,\"caption\":\"Abonnementenland\"},\"image\":{\"@id\":\"https:\/\/abonnementenbeheer.nl\/de\/#\/schema\/logo\/image\/\"}}]}<\/script>\n<!-- \/ Yoast SEO plugin. -->","yoast_head_json":{"title":"Website integratie - Abonnementenbeheer","robots":{"index":"index","follow":"follow","max-snippet":"max-snippet:-1","max-image-preview":"max-image-preview:large","max-video-preview":"max-video-preview:-1"},"canonical":"https:\/\/abonnementenbeheer.nl\/nl\/abonnementenbeheer\/website-integratie\/","og_locale":"nl_BE","og_type":"article","og_title":"Website integratie - Abonnementenbeheer","og_description":"Website integratie Alles volledig in uw \u00e9igen huisstijl en naar uw \u00e9igen wensen. Abonnees hebben een abonnement op\u00a0uw\u00a0blad\u00a0of zijn klant in\u00a0uw webshop. Daarom vinden wij het belangrijk dat uw abonnees in de vertrouwde omgeving van uw website hun abonnementsgegevens kunnen beheren. Abonnementenland ondersteunt u daarom in de website integratie van beheerpagina\u2019s waarop abonnees zelf hun [&hellip;]","og_url":"https:\/\/abonnementenbeheer.nl\/nl\/abonnementenbeheer\/website-integratie\/","og_site_name":"Abonnementenbeheer","article_modified_time":"2020-11-02T15:43:35+00:00","twitter_card":"summary_large_image","twitter_misc":{"Geschatte leestijd":"1 minuut"},"schema":{"@context":"https:\/\/schema.org","@graph":[{"@type":"WebPage","@id":"https:\/\/abonnementenbeheer.nl\/abonnementenbeheer\/website-integratie\/","url":"https:\/\/abonnementenbeheer.nl\/abonnementenbeheer\/website-integratie\/","name":"Website integratie - Abonnementenbeheer","isPartOf":{"@id":"https:\/\/abonnementenbeheer.nl\/de\/#website"},"datePublished":"2020-11-02T15:41:05+00:00","dateModified":"2020-11-02T15:43:35+00:00","breadcrumb":{"@id":"https:\/\/abonnementenbeheer.nl\/abonnementenbeheer\/website-integratie\/#breadcrumb"},"inLanguage":"nl-BE","potentialAction":[{"@type":"ReadAction","target":["https:\/\/abonnementenbeheer.nl\/abonnementenbeheer\/website-integratie\/"]}]},{"@type":"BreadcrumbList","@id":"https:\/\/abonnementenbeheer.nl\/abonnementenbeheer\/website-integratie\/#breadcrumb","itemListElement":[{"@type":"ListItem","position":1,"name":"Home","item":"https:\/\/abonnementenbeheer.nl\/"},{"@type":"ListItem","position":2,"name":"Abonnementenbeheer","item":"https:\/\/abonnementenbeheer.nl\/abonnementenbeheer\/"},{"@type":"ListItem","position":3,"name":"Website integratie"}]},{"@type":"WebSite","@id":"https:\/\/abonnementenbeheer.nl\/de\/#website","url":"https:\/\/abonnementenbeheer.nl\/de\/","name":"Abonnementenland","description":"Verder in abonnementenbeheer &amp; -marketing","publisher":{"@id":"https:\/\/abonnementenbeheer.nl\/de\/#organization"},"potentialAction":[{"@type":"SearchAction","target":{"@type":"EntryPoint","urlTemplate":"https:\/\/abonnementenbeheer.nl\/de\/?s={search_term_string}"},"query-input":{"@type":"PropertyValueSpecification","valueRequired":true,"valueName":"search_term_string"}}],"inLanguage":"nl-BE"},{"@type":"Organization","@id":"https:\/\/abonnementenbeheer.nl\/de\/#organization","name":"Abonnementenland","url":"https:\/\/abonnementenbeheer.nl\/de\/","logo":{"@type":"ImageObject","inLanguage":"nl-BE","@id":"https:\/\/abonnementenbeheer.nl\/de\/#\/schema\/logo\/image\/","url":"http:\/\/abonnementenbeheer.nl\/wp-content\/uploads\/2020\/11\/image008-1.jpg","contentUrl":"http:\/\/abonnementenbeheer.nl\/wp-content\/uploads\/2020\/11\/image008-1.jpg","width":540,"height":267,"caption":"Abonnementenland"},"image":{"@id":"https:\/\/abonnementenbeheer.nl\/de\/#\/schema\/logo\/image\/"}}]}},"_links":{"self":[{"href":"https:\/\/abonnementenbeheer.nl\/nl\/wp-json\/wp\/v2\/pages\/212","targetHints":{"allow":["GET"]}}],"collection":[{"href":"https:\/\/abonnementenbeheer.nl\/nl\/wp-json\/wp\/v2\/pages"}],"about":[{"href":"https:\/\/abonnementenbeheer.nl\/nl\/wp-json\/wp\/v2\/types\/page"}],"author":[{"embeddable":true,"href":"https:\/\/abonnementenbeheer.nl\/nl\/wp-json\/wp\/v2\/users\/4"}],"replies":[{"embeddable":true,"href":"https:\/\/abonnementenbeheer.nl\/nl\/wp-json\/wp\/v2\/comments?post=212"}],"version-history":[{"count":0,"href":"https:\/\/abonnementenbeheer.nl\/nl\/wp-json\/wp\/v2\/pages\/212\/revisions"}],"up":[{"embeddable":true,"href":"https:\/\/abonnementenbeheer.nl\/nl\/wp-json\/wp\/v2\/pages\/180"}],"wp:attachment":[{"href":"https:\/\/abonnementenbeheer.nl\/nl\/wp-json\/wp\/v2\/media?parent=212"}],"curies":[{"name":"wp","href":"https:\/\/api.w.org\/{rel}","templated":true}]}}