{"id":271,"date":"2020-11-02T16:25:43","date_gmt":"2020-11-02T16:25:43","guid":{"rendered":"http:\/\/shaggy-dragon-8bnfu6rvzn.ploi.sh\/?page_id=271"},"modified":"2023-10-04T09:22:50","modified_gmt":"2023-10-04T09:22:50","slug":"sealen-en-verzenden","status":"publish","type":"page","link":"https:\/\/abonnementenbeheer.nl\/nl\/sealen-en-verzenden\/","title":{"rendered":"Sealen en verzenden"},"content":{"rendered":"<div data-elementor-type=\"wp-page\" data-elementor-id=\"271\" class=\"elementor elementor-271\" data-elementor-post-type=\"page\">\n\t\t\t\t\t\t<section class=\"elementor-section elementor-top-section elementor-element elementor-element-36c6edb elementor-section-full_width elementor-section-height-min-height elementor-section-height-default elementor-section-items-middle\" data-id=\"36c6edb\" data-element_type=\"section\" data-e-type=\"section\" data-settings=\"{&quot;background_background&quot;:&quot;classic&quot;}\">\n\t\t\t\t\t\t<div class=\"elementor-container elementor-column-gap-default\">\n\t\t\t\t\t<div class=\"elementor-column elementor-col-100 elementor-top-column elementor-element elementor-element-a9aa9ec\" data-id=\"a9aa9ec\" data-element_type=\"column\" data-e-type=\"column\">\n\t\t\t<div class=\"elementor-widget-wrap elementor-element-populated\">\n\t\t\t\t\t\t<div class=\"elementor-element elementor-element-6463b31 elementor-widget elementor-widget-text-editor\" data-id=\"6463b31\" data-element_type=\"widget\" data-e-type=\"widget\" data-widget_type=\"text-editor.default\">\n\t\t\t\t<div class=\"elementor-widget-container\">\n\t\t\t\t\t\t\t\t\t<h1 class=\"page-title\">Sealen en verzenden<\/h1>\t\t\t\t\t\t\t\t<\/div>\n\t\t\t\t<\/div>\n\t\t\t\t\t<\/div>\n\t\t<\/div>\n\t\t\t\t\t<\/div>\n\t\t<\/section>\n\t\t\t\t<section class=\"elementor-section elementor-top-section elementor-element elementor-element-acd34cb elementor-section-boxed elementor-section-height-default elementor-section-height-default\" data-id=\"acd34cb\" data-element_type=\"section\" data-e-type=\"section\">\n\t\t\t\t\t\t<div class=\"elementor-container elementor-column-gap-default\">\n\t\t\t\t\t<div class=\"elementor-column elementor-col-100 elementor-top-column elementor-element elementor-element-7a72367\" data-id=\"7a72367\" data-element_type=\"column\" data-e-type=\"column\">\n\t\t\t<div class=\"elementor-widget-wrap elementor-element-populated\">\n\t\t\t\t\t\t<div class=\"elementor-element elementor-element-87bbdaa elementor-widget elementor-widget-text-editor\" data-id=\"87bbdaa\" data-element_type=\"widget\" data-e-type=\"widget\" data-widget_type=\"text-editor.default\">\n\t\t\t\t<div class=\"elementor-widget-container\">\n\t\t\t\t\t\t\t\t\t<p><img decoding=\"async\" class=\"wp-image-523 alignright\" src=\"http:\/\/abonnementenbeheer.nl\/wp-content\/uploads\/2020\/11\/image007-1.png\" alt=\"\" width=\"225\" height=\"146\" srcset=\"https:\/\/abonnementenbeheer.nl\/wp-content\/uploads\/2020\/11\/image007-1.png 278w, https:\/\/abonnementenbeheer.nl\/wp-content\/uploads\/2020\/11\/image007-1-16x10.png 16w\" sizes=\"(max-width: 225px) 100vw, 225px\" \/>Elke editie van een tijdschrift is uniek. Redactie, advertenties, opmaak, drukken en dan verzenden. Voor die verzending wordt elk individueel tijdschrift voorzien van het juiste adres. Soms worden bijsluiters en extra bestanden aan de verzonden oplage toegevoegd. Ook split runs dienen correct te worden uitgevoerd. Vervolgens worden alle exemplaren geseald en verzonden via PostNL. Al met al een tijd kritisch logistiek proces, waarbij veel mis kan gaan. Daarom is alles erop is gericht om het nieuwe nummer op het afgesproken tijdstip bij de abonnee op de mat te krijgen.<\/p>\n<h2>E\u00e9n aanspreekpunt en scherpe prijzen<\/h2>\n<p>Abonnementenland verzorgt naast het beheer van uw abonnementen, \u00f3\u00f3k het sealen en verzenden van uw magazine. Zo heeft u voor uw abonnementenbeheer en de verzending maar \u00e9\u00e9n aanspreekpunt: uw accountmanager bij Abonnementenland. Hij\/zij ziet persoonlijk toe op de correcte adressering en een tijdige verzending van uw tijdschriften. Ook als het last minute werk is.<\/p>\n<p>Omdat abonneebeheer, sealen en verzenden bij Abonnementenland onder \u00e9\u00e9n dak gebeuren, kunnen nieuwe abonnees tot het allerlaatste moment aan het verzendbestand worden toegevoegd. En tegen scherpe tarieven. Niet alleen voor het sealen en adresseren, maar \u00f3\u00f3k voor de porti. Abonnementenland beschikt voor de verzending van tijdschriften namelijk over scherpe tarieven bij PostNL.<\/p>\t\t\t\t\t\t\t\t<\/div>\n\t\t\t\t<\/div>\n\t\t\t\t\t<\/div>\n\t\t<\/div>\n\t\t\t\t\t<\/div>\n\t\t<\/section>\n\t\t\t\t<\/div>","protected":false},"excerpt":{"rendered":"<p>Sealen en verzenden Elke editie van een tijdschrift is uniek. Redactie, advertenties, opmaak, drukken en dan verzenden. Voor die verzending wordt elk individueel tijdschrift voorzien van het juiste adres. Soms worden bijsluiters en extra bestanden aan de verzonden oplage toegevoegd. Ook split runs dienen correct te worden uitgevoerd. Vervolgens worden alle exemplaren geseald en verzonden [&hellip;]<\/p>\n","protected":false},"author":4,"featured_media":0,"parent":0,"menu_order":0,"comment_status":"closed","ping_status":"closed","template":"elementor_header_footer","meta":{"footnotes":""},"class_list":["post-271","page","type-page","status-publish","hentry"],"yoast_head":"<!-- This site is optimized with the Yoast SEO plugin v27.1.1 - https:\/\/yoast.com\/product\/yoast-seo-wordpress\/ -->\n<title>Sealen en verzenden - Abonnementenbeheer<\/title>\n<meta name=\"robots\" content=\"index, follow, max-snippet:-1, max-image-preview:large, max-video-preview:-1\" \/>\n<link rel=\"canonical\" href=\"https:\/\/abonnementenbeheer.nl\/nl\/sealen-en-verzenden\/\" \/>\n<meta property=\"og:locale\" content=\"nl_BE\" \/>\n<meta property=\"og:type\" content=\"article\" \/>\n<meta property=\"og:title\" content=\"Sealen en verzenden - Abonnementenbeheer\" \/>\n<meta property=\"og:description\" content=\"Sealen en verzenden Elke editie van een tijdschrift is uniek. Redactie, advertenties, opmaak, drukken en dan verzenden. Voor die verzending wordt elk individueel tijdschrift voorzien van het juiste adres. Soms worden bijsluiters en extra bestanden aan de verzonden oplage toegevoegd. Ook split runs dienen correct te worden uitgevoerd. Vervolgens worden alle exemplaren geseald en verzonden [&hellip;]\" \/>\n<meta property=\"og:url\" content=\"https:\/\/abonnementenbeheer.nl\/nl\/sealen-en-verzenden\/\" \/>\n<meta property=\"og:site_name\" content=\"Abonnementenbeheer\" \/>\n<meta property=\"article:modified_time\" content=\"2023-10-04T09:22:50+00:00\" \/>\n<meta property=\"og:image\" content=\"http:\/\/abonnementenbeheer.nl\/wp-content\/uploads\/2020\/11\/image007-1.png\" \/>\n<meta name=\"twitter:card\" content=\"summary_large_image\" \/>\n<meta name=\"twitter:label1\" content=\"Geschatte leestijd\" \/>\n\t<meta name=\"twitter:data1\" content=\"2 minuten\" \/>\n<script type=\"application\/ld+json\" class=\"yoast-schema-graph\">{\"@context\":\"https:\/\/schema.org\",\"@graph\":[{\"@type\":\"WebPage\",\"@id\":\"https:\/\/abonnementenbeheer.nl\/sealen-en-verzenden\/\",\"url\":\"https:\/\/abonnementenbeheer.nl\/sealen-en-verzenden\/\",\"name\":\"Sealen en verzenden - Abonnementenbeheer\",\"isPartOf\":{\"@id\":\"https:\/\/abonnementenbeheer.nl\/de\/#website\"},\"primaryImageOfPage\":{\"@id\":\"https:\/\/abonnementenbeheer.nl\/sealen-en-verzenden\/#primaryimage\"},\"image\":{\"@id\":\"https:\/\/abonnementenbeheer.nl\/sealen-en-verzenden\/#primaryimage\"},\"thumbnailUrl\":\"http:\/\/abonnementenbeheer.nl\/wp-content\/uploads\/2020\/11\/image007-1.png\",\"datePublished\":\"2020-11-02T16:25:43+00:00\",\"dateModified\":\"2023-10-04T09:22:50+00:00\",\"breadcrumb\":{\"@id\":\"https:\/\/abonnementenbeheer.nl\/sealen-en-verzenden\/#breadcrumb\"},\"inLanguage\":\"nl-BE\",\"potentialAction\":[{\"@type\":\"ReadAction\",\"target\":[\"https:\/\/abonnementenbeheer.nl\/sealen-en-verzenden\/\"]}]},{\"@type\":\"ImageObject\",\"inLanguage\":\"nl-BE\",\"@id\":\"https:\/\/abonnementenbeheer.nl\/sealen-en-verzenden\/#primaryimage\",\"url\":\"http:\/\/abonnementenbeheer.nl\/wp-content\/uploads\/2020\/11\/image007-1.png\",\"contentUrl\":\"http:\/\/abonnementenbeheer.nl\/wp-content\/uploads\/2020\/11\/image007-1.png\"},{\"@type\":\"BreadcrumbList\",\"@id\":\"https:\/\/abonnementenbeheer.nl\/sealen-en-verzenden\/#breadcrumb\",\"itemListElement\":[{\"@type\":\"ListItem\",\"position\":1,\"name\":\"Home\",\"item\":\"https:\/\/abonnementenbeheer.nl\/\"},{\"@type\":\"ListItem\",\"position\":2,\"name\":\"Sealen en verzenden\"}]},{\"@type\":\"WebSite\",\"@id\":\"https:\/\/abonnementenbeheer.nl\/de\/#website\",\"url\":\"https:\/\/abonnementenbeheer.nl\/de\/\",\"name\":\"Abonnementenland\",\"description\":\"Verder in abonnementenbeheer &amp; -marketing\",\"publisher\":{\"@id\":\"https:\/\/abonnementenbeheer.nl\/de\/#organization\"},\"potentialAction\":[{\"@type\":\"SearchAction\",\"target\":{\"@type\":\"EntryPoint\",\"urlTemplate\":\"https:\/\/abonnementenbeheer.nl\/de\/?s={search_term_string}\"},\"query-input\":{\"@type\":\"PropertyValueSpecification\",\"valueRequired\":true,\"valueName\":\"search_term_string\"}}],\"inLanguage\":\"nl-BE\"},{\"@type\":\"Organization\",\"@id\":\"https:\/\/abonnementenbeheer.nl\/de\/#organization\",\"name\":\"Abonnementenland\",\"url\":\"https:\/\/abonnementenbeheer.nl\/de\/\",\"logo\":{\"@type\":\"ImageObject\",\"inLanguage\":\"nl-BE\",\"@id\":\"https:\/\/abonnementenbeheer.nl\/de\/#\/schema\/logo\/image\/\",\"url\":\"http:\/\/abonnementenbeheer.nl\/wp-content\/uploads\/2020\/11\/image008-1.jpg\",\"contentUrl\":\"http:\/\/abonnementenbeheer.nl\/wp-content\/uploads\/2020\/11\/image008-1.jpg\",\"width\":540,\"height\":267,\"caption\":\"Abonnementenland\"},\"image\":{\"@id\":\"https:\/\/abonnementenbeheer.nl\/de\/#\/schema\/logo\/image\/\"}}]}<\/script>\n<!-- \/ Yoast SEO plugin. -->","yoast_head_json":{"title":"Sealen en verzenden - Abonnementenbeheer","robots":{"index":"index","follow":"follow","max-snippet":"max-snippet:-1","max-image-preview":"max-image-preview:large","max-video-preview":"max-video-preview:-1"},"canonical":"https:\/\/abonnementenbeheer.nl\/nl\/sealen-en-verzenden\/","og_locale":"nl_BE","og_type":"article","og_title":"Sealen en verzenden - Abonnementenbeheer","og_description":"Sealen en verzenden Elke editie van een tijdschrift is uniek. Redactie, advertenties, opmaak, drukken en dan verzenden. Voor die verzending wordt elk individueel tijdschrift voorzien van het juiste adres. Soms worden bijsluiters en extra bestanden aan de verzonden oplage toegevoegd. Ook split runs dienen correct te worden uitgevoerd. Vervolgens worden alle exemplaren geseald en verzonden [&hellip;]","og_url":"https:\/\/abonnementenbeheer.nl\/nl\/sealen-en-verzenden\/","og_site_name":"Abonnementenbeheer","article_modified_time":"2023-10-04T09:22:50+00:00","og_image":[{"url":"http:\/\/abonnementenbeheer.nl\/wp-content\/uploads\/2020\/11\/image007-1.png","type":"","width":"","height":""}],"twitter_card":"summary_large_image","twitter_misc":{"Geschatte leestijd":"2 minuten"},"schema":{"@context":"https:\/\/schema.org","@graph":[{"@type":"WebPage","@id":"https:\/\/abonnementenbeheer.nl\/sealen-en-verzenden\/","url":"https:\/\/abonnementenbeheer.nl\/sealen-en-verzenden\/","name":"Sealen en verzenden - Abonnementenbeheer","isPartOf":{"@id":"https:\/\/abonnementenbeheer.nl\/de\/#website"},"primaryImageOfPage":{"@id":"https:\/\/abonnementenbeheer.nl\/sealen-en-verzenden\/#primaryimage"},"image":{"@id":"https:\/\/abonnementenbeheer.nl\/sealen-en-verzenden\/#primaryimage"},"thumbnailUrl":"http:\/\/abonnementenbeheer.nl\/wp-content\/uploads\/2020\/11\/image007-1.png","datePublished":"2020-11-02T16:25:43+00:00","dateModified":"2023-10-04T09:22:50+00:00","breadcrumb":{"@id":"https:\/\/abonnementenbeheer.nl\/sealen-en-verzenden\/#breadcrumb"},"inLanguage":"nl-BE","potentialAction":[{"@type":"ReadAction","target":["https:\/\/abonnementenbeheer.nl\/sealen-en-verzenden\/"]}]},{"@type":"ImageObject","inLanguage":"nl-BE","@id":"https:\/\/abonnementenbeheer.nl\/sealen-en-verzenden\/#primaryimage","url":"http:\/\/abonnementenbeheer.nl\/wp-content\/uploads\/2020\/11\/image007-1.png","contentUrl":"http:\/\/abonnementenbeheer.nl\/wp-content\/uploads\/2020\/11\/image007-1.png"},{"@type":"BreadcrumbList","@id":"https:\/\/abonnementenbeheer.nl\/sealen-en-verzenden\/#breadcrumb","itemListElement":[{"@type":"ListItem","position":1,"name":"Home","item":"https:\/\/abonnementenbeheer.nl\/"},{"@type":"ListItem","position":2,"name":"Sealen en verzenden"}]},{"@type":"WebSite","@id":"https:\/\/abonnementenbeheer.nl\/de\/#website","url":"https:\/\/abonnementenbeheer.nl\/de\/","name":"Abonnementenland","description":"Verder in abonnementenbeheer &amp; -marketing","publisher":{"@id":"https:\/\/abonnementenbeheer.nl\/de\/#organization"},"potentialAction":[{"@type":"SearchAction","target":{"@type":"EntryPoint","urlTemplate":"https:\/\/abonnementenbeheer.nl\/de\/?s={search_term_string}"},"query-input":{"@type":"PropertyValueSpecification","valueRequired":true,"valueName":"search_term_string"}}],"inLanguage":"nl-BE"},{"@type":"Organization","@id":"https:\/\/abonnementenbeheer.nl\/de\/#organization","name":"Abonnementenland","url":"https:\/\/abonnementenbeheer.nl\/de\/","logo":{"@type":"ImageObject","inLanguage":"nl-BE","@id":"https:\/\/abonnementenbeheer.nl\/de\/#\/schema\/logo\/image\/","url":"http:\/\/abonnementenbeheer.nl\/wp-content\/uploads\/2020\/11\/image008-1.jpg","contentUrl":"http:\/\/abonnementenbeheer.nl\/wp-content\/uploads\/2020\/11\/image008-1.jpg","width":540,"height":267,"caption":"Abonnementenland"},"image":{"@id":"https:\/\/abonnementenbeheer.nl\/de\/#\/schema\/logo\/image\/"}}]}},"_links":{"self":[{"href":"https:\/\/abonnementenbeheer.nl\/nl\/wp-json\/wp\/v2\/pages\/271","targetHints":{"allow":["GET"]}}],"collection":[{"href":"https:\/\/abonnementenbeheer.nl\/nl\/wp-json\/wp\/v2\/pages"}],"about":[{"href":"https:\/\/abonnementenbeheer.nl\/nl\/wp-json\/wp\/v2\/types\/page"}],"author":[{"embeddable":true,"href":"https:\/\/abonnementenbeheer.nl\/nl\/wp-json\/wp\/v2\/users\/4"}],"replies":[{"embeddable":true,"href":"https:\/\/abonnementenbeheer.nl\/nl\/wp-json\/wp\/v2\/comments?post=271"}],"version-history":[{"count":0,"href":"https:\/\/abonnementenbeheer.nl\/nl\/wp-json\/wp\/v2\/pages\/271\/revisions"}],"wp:attachment":[{"href":"https:\/\/abonnementenbeheer.nl\/nl\/wp-json\/wp\/v2\/media?parent=271"}],"curies":[{"name":"wp","href":"https:\/\/api.w.org\/{rel}","templated":true}]}}